{"id":23060,"date":"2026-03-10T15:48:53","date_gmt":"2026-03-10T14:48:53","guid":{"rendered":"https:\/\/sbsstudent.se\/reserve-accommodation\/"},"modified":"2026-03-12T09:32:28","modified_gmt":"2026-03-12T08:32:28","slug":"reserve-accommodation","status":"publish","type":"page","link":"https:\/\/sbsstudent.se\/en\/reserve-accommodation\/","title":{"rendered":"Reserve accommodation"},"content":{"rendered":"\n<section class=\"qt-section container-default has-background has-accent-1-background-color\" style=\"background-color:#D2C3E1\"><div class=\"qt-section__inner grid grid-col-2\">\n<div class=\"qt-container is-vertically-aligned-center is-style-text-column\">\n<p class=\"is-style-eyebrow\">Zero stress \u2013 no housing mess<\/p>\n\n\n\n<h1 class=\"wp-block-heading\">Reserve your student accommodation now<\/h1>\n\n\n\n<p class=\"has-m-font-size\">With SBS, you can reserve a home free of charge while waiting for your admission decision. A secure start that lets you focus on your future as a student instead.  <\/p>\n\n\n\n<div class=\"wp-block-buttons is-layout-flex wp-block-buttons-is-layout-flex\">\n<div class=\"wp-block-button is-style-button-secondary\"><a class=\"wp-block-button__link wp-element-button\" href=\"https:\/\/sbsstudent.se\/en\/available-accommodations\/\">Find an apartment<\/a><\/div>\n\n\n\n<div class=\"wp-block-button is-style-outline is-style-outline--1\"><a class=\"wp-block-button__link wp-element-button\">Sign up for the housing queue<\/a><\/div>\n<\/div>\n<\/div>\n\n\n\n<div class=\"qt-container is-style-image-column\">\n<figure class=\"wp-block-image size-full\"><img loading=\"lazy\" decoding=\"async\" width=\"558\" height=\"558\" src=\"https:\/\/sbsstudent.se\/wp-content\/uploads\/2026\/02\/reservera-din-bostad-girl-with-skateboard-min.jpg\" alt=\"Cool girl with a skateboard and 80s clothes\" class=\"wp-image-22503\" style=\"aspect-ratio:1;object-fit:cover\"\/><\/figure>\n<\/div>\n<\/div><\/section>\n\n<section class=\"qt-section container-default has-background has-accent-2-background-color\" style=\"background-color:#91B0DB\"><div class=\"qt-section__inner grid grid-col-2\">\n<div class=\"qt-container is-style-image-column\">\n<figure class=\"wp-block-image size-full\"><img loading=\"lazy\" decoding=\"async\" width=\"568\" height=\"568\" src=\"https:\/\/sbsstudent.se\/wp-content\/uploads\/2026\/02\/reservera-din-bostad-studentliv20-min.jpg\" alt=\"\" class=\"wp-image-22504\" style=\"aspect-ratio:1;object-fit:cover\"\/><\/figure>\n<\/div>\n\n\n\n<div class=\"qt-container is-vertically-aligned-center is-style-text-column\">\n<p class=\"is-style-eyebrow\">Student Life 2.0<\/p>\n\n\n\n<h2 class=\"wp-block-heading\">Zero stress \u2013 no housing mess<\/h2>\n\n\n\n<p>Waiting for your admission decision shouldn\u2019t mean stressing about where you\u2019ll live. That\u2019s why you can reserve a student apartment with us even before the decision arrives. <\/p>\n\n\n\n<p>Completely free. No commitment. And above all, no housing stress.  <\/p>\n\n\n\n<div class=\"wp-block-buttons is-layout-flex wp-block-buttons-is-layout-flex\">\n<div class=\"wp-block-button is-style-button-secondary\"><a class=\"wp-block-button__link has-white-color has-black-background-color has-text-color has-background has-link-color wp-element-button\" href=\"https:\/\/sbsstudent.se\/en\/available-accommodations\/\">Find your student accommodation<\/a><\/div>\n<\/div>\n<\/div>\n<\/div><\/section>\n\n<section class=\"qt-section container-default\"><div class=\"qt-section__inner grid grid-col-1\">\n<div class=\"qt-container\">\n<p class=\"is-style-eyebrow\">How it works<\/p>\n\n\n\n<h2 class=\"wp-block-heading\">How a reservation works with SBS<\/h2>\n\n\n\n<p>The reservation lets you hold your potential apartment while waiting for your admission decision. When the decision arrives, you choose whether you want to proceed and sign the contract. If you decide not to, nothing happens and the reservation is automatically released.  <\/p>\n\n\n\n<p><strong>Step by step:<\/strong><\/p>\n\n\n\n<ol class=\"wp-block-list\">\n<li>Sign up for our <a href=\"https:\/\/sbsstudent.se\/en\/housing-queue\/\" data-type=\"page\" data-id=\"611\">housing queue<\/a><\/li>\n\n\n\n<li>Upload a screenshot of the program or course you applied for<\/li>\n\n\n\n<li>Choose an available <a href=\"https:\/\/sbsstudent.se\/en\/available-accommodations\/\" data-type=\"page\" data-id=\"607\">student apartment<\/a> and submit an expression of interest<\/li>\n\n\n\n<li>You will be contacted to reserve a home free of charge<\/li>\n\n\n\n<li>Wait for your admission decision<\/li>\n\n\n\n<li>Sign if you want to proceed \u2013 otherwise the home will be released<\/li>\n\n\n\n<li>Start your student life with peace of mind <\/li>\n<\/ol>\n\n\n\n<p>We\u2019re keeping our fingers crossed for your future as a student and look forward to welcoming you to one of our campuses \u2013 from Lule\u00e5 in the north to Lund in the south. In between, you\u2019ll find us in many of the country\u2019s most popular student cities. <\/p>\n\n\n\n<div class=\"wp-block-buttons is-layout-flex wp-block-buttons-is-layout-flex\">\n<div class=\"wp-block-button is-style-button-secondary\"><a class=\"wp-block-button__link wp-element-button\" href=\"https:\/\/sbsstudent.se\/en\/available-accommodations\/\">Find your student accommodation<\/a><\/div>\n<\/div>\n<\/div>\n<\/div><\/section>\n\n<section class=\"qt-section container-default has-background has-brand-primary-background-color\" style=\"background-color:#133527\"><div class=\"qt-section__inner grid grid-col-1\">\n<div class=\"qt-container container-m is-horizontally-aligned-left\">\n<h2 class=\"wp-block-heading\">From north to south \u2013 choose a city and discover your opportunities<\/h2>\n\n\n\n<p>Explore our areas and find your future dream student apartment in each city.<\/p>\n<\/div>\n\n\n\n<div class=\"qt-container\">\n\n<nav aria-label=\"St\u00e4der med bost\u00e4der\">\n\t<ul class=\"cities\">\n\t\t\n<li class=\"item--city\">\n\t<a href=\"https:\/\/sbsstudent.se\/en\/vara-stader\/copenhagen\/\" class=\"item__button\">Copenhagen<\/a>\n<\/li>\n\n<li class=\"item--city\">\n\t<a href=\"https:\/\/sbsstudent.se\/en\/vara-stader\/gothenburg\/\" class=\"item__button\">Gothenburg<\/a>\n<\/li>\n\n<li class=\"item--city\">\n\t<a href=\"https:\/\/sbsstudent.se\/en\/vara-stader\/jonkoping\/\" class=\"item__button\">J\u00f6nk\u00f6ping<\/a>\n<\/li>\n\n<li class=\"item--city\">\n\t<a href=\"https:\/\/sbsstudent.se\/en\/vara-stader\/karlskrona\/\" class=\"item__button\">Karlskrona<\/a>\n<\/li>\n\n<li class=\"item--city\">\n\t<a href=\"https:\/\/sbsstudent.se\/en\/vara-stader\/karlstad\/\" class=\"item__button\">Karlstad<\/a>\n<\/li>\n\n<li class=\"item--city\">\n\t<a href=\"https:\/\/sbsstudent.se\/en\/vara-stader\/kristianstad\/\" class=\"item__button\">Kristianstad<\/a>\n<\/li>\n\n<li class=\"item--city\">\n\t<a href=\"https:\/\/sbsstudent.se\/en\/vara-stader\/lulea\/\" class=\"item__button\">Lule\u00e5<\/a>\n<\/li>\n\n<li class=\"item--city\">\n\t<a href=\"https:\/\/sbsstudent.se\/en\/vara-stader\/lund\/\" class=\"item__button\">Lund<\/a>\n<\/li>\n\n<li class=\"item--city\">\n\t<a href=\"https:\/\/sbsstudent.se\/en\/vara-stader\/malmo\/\" class=\"item__button\">Malm\u00f6<\/a>\n<\/li>\n\n<li class=\"item--city\">\n\t<a href=\"https:\/\/sbsstudent.se\/en\/vara-stader\/norrkoping\/\" class=\"item__button\">Norrk\u00f6ping<\/a>\n<\/li>\n\n<li class=\"item--city\">\n\t<a href=\"https:\/\/sbsstudent.se\/en\/vara-stader\/olofstrom\/\" class=\"item__button\">Olofstr\u00f6m<\/a>\n<\/li>\n\n<li class=\"item--city\">\n\t<a href=\"https:\/\/sbsstudent.se\/en\/vara-stader\/ronneby\/\" class=\"item__button\">Ronneby<\/a>\n<\/li>\n\n<li class=\"item--city\">\n\t<a href=\"https:\/\/sbsstudent.se\/en\/vara-stader\/stockholm\/\" class=\"item__button\">Stockholm<\/a>\n<\/li>\n\n<li class=\"item--city\">\n\t<a href=\"https:\/\/sbsstudent.se\/en\/vara-stader\/trollhattan\/\" class=\"item__button\">Trollh\u00e4ttan<\/a>\n<\/li>\n\n<li class=\"item--city\">\n\t<a href=\"https:\/\/sbsstudent.se\/en\/vara-stader\/vaxjo\/\" class=\"item__button\">V\u00e4xj\u00f6<\/a>\n<\/li>\n\n<li class=\"item--city\">\n\t<a href=\"https:\/\/sbsstudent.se\/en\/vara-stader\/orebro\/\" class=\"item__button\">\u00d6rebro<\/a>\n<\/li>\n\t<\/ul>\n<\/nav>\n\n<\/div>\n<\/div><\/section>\n\n<section class=\"qt-section container-default has-background has-brand-accent-background-color is-style-cta\" style=\"background-color:#8FF5A1\"><div class=\"qt-section__inner grid grid-col-2\">\n<div class=\"qt-container is-vertically-aligned-center is-style-text-column\">\n<h2 class=\"wp-block-heading\">Start your student life with us!<\/h2>\n\n\n\n<p class=\"has-m-font-size\">Join our housing queue \u2013 it\u2019s completely free. We are currently present in 18 student cities. <\/p>\n\n\n\n<div class=\"wp-block-buttons is-layout-flex wp-block-buttons-is-layout-flex\">\n<div class=\"wp-block-button is-style-button-secondary\"><a class=\"wp-block-button__link wp-element-button\" href=\"https:\/\/sbsstudent.se\/en\/housing-queue\/\">Join the queue<\/a><\/div>\n<\/div>\n<\/div>\n\n\n\n<div class=\"qt-container is-style-image-column\">\n<figure class=\"wp-block-image size-full\"><img loading=\"lazy\" decoding=\"async\" width=\"1200\" height=\"900\" src=\"https:\/\/sbsstudent.se\/wp-content\/uploads\/2025\/12\/leende-kvinna-orange-bakgrund.webp\" alt=\"\" class=\"wp-image-20314\" style=\"aspect-ratio:16\/9;object-fit:cover\" srcset=\"https:\/\/sbsstudent.se\/wp-content\/uploads\/2025\/12\/leende-kvinna-orange-bakgrund.webp 1200w, https:\/\/sbsstudent.se\/wp-content\/uploads\/2025\/12\/leende-kvinna-orange-bakgrund-768x576.webp 768w\" sizes=\"auto, (max-width: 1200px) 100vw, 1200px\" \/><\/figure>\n<\/div>\n<\/div><\/section>\n\n<section class=\"qt-section container-default\"><div class=\"qt-section__inner grid grid-col-1\">\n<div class=\"qt-container\">\n<h2 class=\"wp-block-heading\">Questions and answers about reservations<\/h2>\n\n\n\n<p>Here you\u2019ll find frequently asked questions and answers about how reserving an apartment through SBS works.<\/p>\n\n\n\n<section class=\"qt-accordion container-default\"><div class=\"qt-section__inner grid grid-col-1\">\n<div class=\"accordion-item\" data-accordion=\"accordion-item\">\n<h3 class=\"accordion-item__heading wp-block-heading\" data-is-open=\"false\"><button aria-expanded=\"false\" id=\"trigger-20b1ac8c\" aria-controls=\"content-20b1ac8c\" data-accordion=\"accordion-trigger\">During what period can I reserve a home?<span class=\"accordion-item__icon\" aria-hidden=\"true\"><span class=\"accordion-icon__inner\"><\/span><\/span><\/button><\/h3>\n\n\n\n<div class=\"accordion-item__content\" id=\"content-20b1ac8c\" role=\"region\" aria-labelledby=\"trigger-20b1ac8c\" data-accordion=\"accordion-content\" hidden><div class=\"accordion-content__inner\">\n<p>You can reserve a home from March 1 up until the admission decision on July 10, 2026.<\/p>\n<\/div><\/div>\n<\/div>\n\n\n\n<div class=\"accordion-item\" data-accordion=\"accordion-item\">\n<h3 class=\"accordion-item__heading wp-block-heading\" data-is-open=\"false\"><button aria-expanded=\"false\" id=\"trigger-8182590c\" aria-controls=\"content-8182590c\" data-accordion=\"accordion-trigger\">Is it possible to reserve homes in all your cities?<span class=\"accordion-item__icon\" aria-hidden=\"true\"><span class=\"accordion-icon__inner\"><\/span><\/span><\/button><\/h3>\n\n\n\n<div class=\"accordion-item__content\" id=\"content-8182590c\" role=\"region\" aria-labelledby=\"trigger-8182590c\" data-accordion=\"accordion-content\" hidden><div class=\"accordion-content__inner\">\n<p>It is only possible to reserve homes in <a href=\"https:\/\/sbsstudent.se\/en\/vara-stader\/stockholm\/\" data-type=\"city\" data-id=\"18171\">Stockholm<\/a>, <a href=\"https:\/\/sbsstudent.se\/en\/vara-stader\/malmo\/\" data-type=\"city\" data-id=\"18159\">Malm\u00f6<\/a>, <a href=\"https:\/\/sbsstudent.se\/en\/vara-stader\/norrkoping\/\" data-type=\"city\" data-id=\"18161\">Norrk\u00f6ping<\/a>, <a href=\"https:\/\/sbsstudent.se\/en\/housing-queue\/housing-queue-vaxjo\/\" data-type=\"page\" data-id=\"18119\">V\u00e4xj\u00f6<\/a>, <a href=\"https:\/\/sbsstudent.se\/en\/vara-stader\/kristianstad\/\" data-type=\"city\" data-id=\"18151\">Kristianstad<\/a>, <a href=\"https:\/\/sbsstudent.se\/en\/vara-stader\/karlskrona\/\" data-type=\"city\" data-id=\"18144\">Karlskrona<\/a>, <a href=\"https:\/\/sbsstudent.se\/en\/vara-stader\/ronneby\/\" data-type=\"city\" data-id=\"18167\">Ronneby<\/a>, <a href=\"https:\/\/sbsstudent.se\/en\/vara-stader\/trollhattan\/\" data-type=\"city\" data-id=\"18174\">Trollh\u00e4ttan<\/a>, <a href=\"https:\/\/sbsstudent.se\/en\/vara-stader\/karlstad\/\" data-type=\"city\" data-id=\"18147\">Karlstad<\/a>, <a href=\"https:\/\/sbsstudent.se\/en\/vara-stader\/orebro\/\" data-type=\"city\" data-id=\"18165\">\u00d6rebro<\/a> and <a href=\"https:\/\/sbsstudent.se\/en\/vara-stader\/jonkoping\/\" data-type=\"city\" data-id=\"18142\">J\u00f6nk\u00f6ping<\/a>.<\/p>\n<\/div><\/div>\n<\/div>\n\n\n\n<div class=\"accordion-item\" data-accordion=\"accordion-item\">\n<h3 class=\"accordion-item__heading wp-block-heading\" data-is-open=\"false\"><button aria-expanded=\"false\" id=\"trigger-6385c888\" aria-controls=\"content-6385c888\" data-accordion=\"accordion-trigger\">Can I reserve more than one home at the same time?<span class=\"accordion-item__icon\" aria-hidden=\"true\"><span class=\"accordion-icon__inner\"><\/span><\/span><\/button><\/h3>\n\n\n\n<div class=\"accordion-item__content\" id=\"content-6385c888\" role=\"region\" aria-labelledby=\"trigger-6385c888\" data-accordion=\"accordion-content\" hidden><div class=\"accordion-content__inner\">\n<p>You can have one active reservation at a time.<\/p>\n<\/div><\/div>\n<\/div>\n\n\n\n<div class=\"accordion-item\" data-accordion=\"accordion-item\">\n<h3 class=\"accordion-item__heading wp-block-heading\" data-is-open=\"false\"><button aria-expanded=\"false\" id=\"trigger-87386b16\" aria-controls=\"content-87386b16\" data-accordion=\"accordion-trigger\">Am I committing to anything when I reserve a home?<span class=\"accordion-item__icon\" aria-hidden=\"true\"><span class=\"accordion-icon__inner\"><\/span><\/span><\/button><\/h3>\n\n\n\n<div class=\"accordion-item__content\" id=\"content-87386b16\" role=\"region\" aria-labelledby=\"trigger-87386b16\" data-accordion=\"accordion-content\" hidden><div class=\"accordion-content__inner\">\n<p>No. You are not committing to anything until a rental agreement has been signed. <\/p>\n<\/div><\/div>\n<\/div>\n\n\n\n<div class=\"accordion-item\" data-accordion=\"accordion-item\">\n<h3 class=\"accordion-item__heading wp-block-heading\" data-is-open=\"false\"><button aria-expanded=\"false\" id=\"trigger-62a2d21f\" aria-controls=\"content-62a2d21f\" data-accordion=\"accordion-trigger\">Do I need to cancel my reservation, and what happens if I forget?<span class=\"accordion-item__icon\" aria-hidden=\"true\"><span class=\"accordion-icon__inner\"><\/span><\/span><\/button><\/h3>\n\n\n\n<div class=\"accordion-item__content\" id=\"content-62a2d21f\" role=\"region\" aria-labelledby=\"trigger-62a2d21f\" data-accordion=\"accordion-content\" hidden><div class=\"accordion-content__inner\">\n<p>Om du redan vet att du inte l\u00e4ngre beh\u00f6ver bostaden \u00e4r vi tacksamma om du meddelar oss via info@sbsstudent.se. D\u00e5 kan vi erbjuda bostaden till n\u00e5gon annan student. <\/p>\n<\/div><\/div>\n<\/div>\n\n\n\n<div class=\"accordion-item\" data-accordion=\"accordion-item\">\n<div class=\"accordion-item__content\" id=\"content-af06355d\" role=\"region\" aria-labelledby=\"trigger-af06355d\" data-accordion=\"accordion-content\" hidden><div class=\"accordion-content__inner\">\n<p>Do you have more questions? Feel free to <a href=\"https:\/\/sbsstudent.se\/en\/contact\/\" data-type=\"page\" data-id=\"627\">contact us!<\/a> <\/p>\n<\/div><\/div>\n<\/div>\n<\/div><\/section>\n<\/div>\n<\/div><\/section>\n\n<section class=\"qt-section container-default has-background has-accent-2-background-color\" style=\"background-color:#91B0DB\"><div class=\"qt-section__inner grid grid-col-1\">\n<div class=\"qt-container\">\n<section class=\"qt-section container-default testimonials\">\n\t<div class=\"qt-section__inner grid grid-col-1\">\n\n\t\t<div class=\"qt-container slider-header\">\n\t\t\t\t\t\t\t<h2 class=\"wp-block-heading\">What our students say<\/h2>\n\t\t\t\t\t<\/div>\n\n\t\t<div class=\"qt-container\">\n\t\t\t<div class=\"splide slider-testimonials\" role=\"group\" aria-label=\"Slider med testimonials\" data-slider=\"testimonials\">\n\n\t\t\t\t<div class=\"splide__arrows\">\n\t\t\t\t\t<button class=\"splide__arrow splide__arrow--prev\">\n\t\t\t\t\t\t<img loading=\"lazy\" decoding=\"async\" src=\"https:\/\/sbsstudent.se\/wp-content\/themes\/q-theme\/assets\/images\/icon-pagination-prev.svg\" alt=\"Arrow left\" width=\"15\" height=\"15\">\n\t\t\t\t\t<\/button>\n\t\t\t\t\t<button class=\"splide__arrow splide__arrow--next\">\n\t\t\t\t\t\t<img loading=\"lazy\" decoding=\"async\" src=\"https:\/\/sbsstudent.se\/wp-content\/themes\/q-theme\/assets\/images\/icon-pagination-next.svg\" alt=\"Arrow right\" width=\"15\" height=\"15\">\n\t\t\t\t\t<\/button>\n\t\t\t\t<\/div>\n\n\t\t\t\t<div class=\"splide__track\">\n\t\t\t\t\t<ul class=\"splide__list\">\n\t\t\t\t\t\t\n\t\t\t\t\t\t\t<li class=\"splide__slide\">\n\t\t\t\t\t\t\t\t\n<div class=\"card card--testimonial\">\n\t<div class=\"card__author\">\n\t\t\t\t<figure class=\"card__author-image wp-block-image\">\n\t\t\t<img loading=\"lazy\" decoding=\"async\" width=\"300\" height=\"401\" src=\"https:\/\/sbsstudent.se\/wp-content\/uploads\/2025\/12\/citat-devon-1.jpg\" class=\"card__image-img\" alt=\"Devon, SBS Studentbost\u00e4der\" \/>\t\t<\/figure>\n\t\t\n\t\t\t\t<p class=\"card__author-name\">\n\t\t\tDevon\t\t\t<span class=\"card__author-subheadline\">Tenant, Campus Star (Stockholm)<\/span>\n\t\t<\/p>\n\t\t\t<\/div>\n\n\t<div class=\"card__content\">\n\t\t\t\t\t<p>What&#8217;s good about living here is the people, and I think my apartment is very fresh. Extremely fresh actually, and the gym too. That&#8217;s what I love, it&#8217;s &#8220;super nice&#8221;.  <\/p>\n\t\t\t<\/div>\n\t\n<\/div>\n\t\t\t\t\t\t\t<\/li>\n\n\t\t\t\t\t\t\t\n\t\t\t\t\t\t\t<li class=\"splide__slide\">\n\t\t\t\t\t\t\t\t\n<div class=\"card card--testimonial\">\n\t<div class=\"card__author\">\n\t\t\t\t<figure class=\"card__author-image wp-block-image\">\n\t\t\t<img loading=\"lazy\" decoding=\"async\" width=\"450\" height=\"600\" src=\"https:\/\/sbsstudent.se\/wp-content\/uploads\/2025\/12\/citat-linus.webp\" class=\"card__image-img\" alt=\"Linus, SBS Studentbost\u00e4der\" \/>\t\t<\/figure>\n\t\t\n\t\t\t\t<p class=\"card__author-name\">\n\t\t\tLinus\t\t\t<span class=\"card__author-subheadline\">Tenant, Campus Aurora (Lule\u00e5)<\/span>\n\t\t<\/p>\n\t\t\t<\/div>\n\n\t<div class=\"card__content\">\n\t\t\t\t\t<p>The best thing about living here is the community, both the neighbors and that many of my friends live nearby. I also appreciate that it&#8217;s just a short 10-minute walk to campus. <\/p>\n\t\t\t<\/div>\n\t\n<\/div>\n\t\t\t\t\t\t\t<\/li>\n\n\t\t\t\t\t\t\t\t\t\t\t\t<\/ul>\n\t\t\t\t<\/div>\n\t\t\t<\/div>\n\t\t<\/div>\n\n\t<\/div>\n<\/section>\n<\/div>\n<\/div><\/section>\n","protected":false},"excerpt":{"rendered":"","protected":false},"author":1,"featured_media":0,"parent":0,"menu_order":0,"comment_status":"closed","ping_status":"closed","template":"","meta":{"_acf_changed":false,"footnotes":""},"class_list":["post-23060","page","type-page","status-publish","hentry"],"acf":[],"_links":{"self":[{"href":"https:\/\/sbsstudent.se\/en\/wp-json\/wp\/v2\/pages\/23060","targetHints":{"allow":["GET"]}}],"collection":[{"href":"https:\/\/sbsstudent.se\/en\/wp-json\/wp\/v2\/pages"}],"about":[{"href":"https:\/\/sbsstudent.se\/en\/wp-json\/wp\/v2\/types\/page"}],"author":[{"embeddable":true,"href":"https:\/\/sbsstudent.se\/en\/wp-json\/wp\/v2\/users\/1"}],"replies":[{"embeddable":true,"href":"https:\/\/sbsstudent.se\/en\/wp-json\/wp\/v2\/comments?post=23060"}],"version-history":[{"count":1,"href":"https:\/\/sbsstudent.se\/en\/wp-json\/wp\/v2\/pages\/23060\/revisions"}],"predecessor-version":[{"id":23061,"href":"https:\/\/sbsstudent.se\/en\/wp-json\/wp\/v2\/pages\/23060\/revisions\/23061"}],"wp:attachment":[{"href":"https:\/\/sbsstudent.se\/en\/wp-json\/wp\/v2\/media?parent=23060"}],"curies":[{"name":"wp","href":"https:\/\/api.w.org\/{rel}","templated":true}]}}