{"id":21270,"date":"2025-10-14T11:05:03","date_gmt":"2025-10-14T09:05:03","guid":{"rendered":"https:\/\/sbsstudent.se\/tenant\/housing-maintenance\/"},"modified":"2025-12-08T09:02:16","modified_gmt":"2025-12-08T08:02:16","slug":"housing-maintenance","status":"publish","type":"page","link":"https:\/\/sbsstudent.se\/en\/tenant\/housing-maintenance\/","title":{"rendered":"Housing Maintenance"},"content":{"rendered":"\n<section class=\"qt-section container-m\"><div class=\"qt-section__inner grid grid-col-1\">\n<div class=\"qt-container\"><figure style=\"aspect-ratio:4\/3;\" class=\"wp-block-post-featured-image\"><img loading=\"lazy\" decoding=\"async\" width=\"1200\" height=\"900\" src=\"https:\/\/sbsstudent.se\/wp-content\/uploads\/2025\/12\/vilande-kvinna-i-rod-fatolj.webp\" class=\"attachment-full size-full wp-post-image\" alt=\"Vilande kvinna i r\u00f6d f\u00e5t\u00f6lj.\" style=\"width:100%;height:100%;object-fit:cover;\" srcset=\"https:\/\/sbsstudent.se\/wp-content\/uploads\/2025\/12\/vilande-kvinna-i-rod-fatolj.webp 1200w, https:\/\/sbsstudent.se\/wp-content\/uploads\/2025\/12\/vilande-kvinna-i-rod-fatolj-768x576.webp 768w\" sizes=\"auto, (max-width: 1200px) 100vw, 1200px\" \/><\/figure><\/div>\n\n\n\n<div class=\"qt-container\">\n<h1 class=\"wp-block-heading\">For the best possible comfort<\/h1>\n\n\n\n<p>All our tenants should feel comfortable and know they live in a safe and pleasant environment.<\/p>\n\n\n\n<p>That&#8217;s why it&#8217;s important for everyone to respect the rules and regulations in place. Below is practical information to make it more enjoyable and pleasant for everyone in our student housing. <\/p>\n\n\n\n\n<nav aria-label=\"Guider f\u00f6r hyresg\u00e4ster\">\n\t<ul class=\"guides\">\n\t\t\n<li class=\"item--guide\">\n\t<a href=\"https:\/\/sbsstudent.se\/en\/tenant\/housing-maintenance\/cleaning\/\" class=\"item__button\">\n\t\t<svg aria-hidden=\"true\" width=\"40\" height=\"40\" viewBox=\"0 0 40 40\" fill=\"none\" xmlns=\"http:\/\/www.w3.org\/2000\/svg\">\n<path d=\"M21.6996 31C20.3329 31 19.0496 30.6875 17.8496 30.0625C16.6496 29.4375 15.6663 28.5667 14.8996 27.45L10.0996 20.4L10.5746 19.925C10.9079 19.575 11.3204 19.375 11.8121 19.325C12.3038 19.275 12.7496 19.3917 13.1496 19.675L15.8996 21.575V12C15.8996 11.7167 15.9954 11.4792 16.1871 11.2875C16.3788 11.0958 16.6163 11 16.8996 11C17.1829 11 17.4204 11.0958 17.6121 11.2875C17.8038 11.4792 17.8996 11.7167 17.8996 12V25.425L14.1996 22.85L16.5746 26.3C17.1579 27.15 17.8996 27.8125 18.7996 28.2875C19.6996 28.7625 20.6663 29 21.6996 29C23.4163 29 24.8788 28.3958 26.0871 27.1875C27.2954 25.9792 27.8996 24.5167 27.8996 22.8V13C27.8996 12.7167 27.9954 12.4792 28.1871 12.2875C28.3788 12.0958 28.6163 12 28.8996 12C29.1829 12 29.4204 12.0958 29.6121 12.2875C29.8038 12.4792 29.8996 12.7167 29.8996 13V22.8C29.8996 25.0833 29.1038 27.0208 27.5121 28.6125C25.9204 30.2042 23.9829 31 21.6996 31ZM19.8996 20V10C19.8996 9.71667 19.9954 9.47917 20.1871 9.2875C20.3788 9.09583 20.6163 9 20.8996 9C21.1829 9 21.4204 9.09583 21.6121 9.2875C21.8038 9.47917 21.8996 9.71667 21.8996 10V20H19.8996ZM23.8996 20V11C23.8996 10.7167 23.9954 10.4792 24.1871 10.2875C24.3788 10.0958 24.6163 10 24.8996 10C25.1829 10 25.4204 10.0958 25.6121 10.2875C25.8038 10.4792 25.8996 10.7167 25.8996 11V20H23.8996Z\" fill=\"#1C1B1F\"\/>\n<\/svg>\n\t\tCleaning\t<\/a>\n<\/li>\n\n<li class=\"item--guide\">\n\t<a href=\"https:\/\/sbsstudent.se\/en\/tenant\/housing-maintenance\/cold-in-the-apartment\/\" class=\"item__button\">\n\t\t<svg aria-hidden=\"true\" width=\"40\" height=\"40\" viewBox=\"0 0 40 40\" fill=\"none\" xmlns=\"http:\/\/www.w3.org\/2000\/svg\">\n<path d=\"M21.6996 31C20.3329 31 19.0496 30.6875 17.8496 30.0625C16.6496 29.4375 15.6663 28.5667 14.8996 27.45L10.0996 20.4L10.5746 19.925C10.9079 19.575 11.3204 19.375 11.8121 19.325C12.3038 19.275 12.7496 19.3917 13.1496 19.675L15.8996 21.575V12C15.8996 11.7167 15.9954 11.4792 16.1871 11.2875C16.3788 11.0958 16.6163 11 16.8996 11C17.1829 11 17.4204 11.0958 17.6121 11.2875C17.8038 11.4792 17.8996 11.7167 17.8996 12V25.425L14.1996 22.85L16.5746 26.3C17.1579 27.15 17.8996 27.8125 18.7996 28.2875C19.6996 28.7625 20.6663 29 21.6996 29C23.4163 29 24.8788 28.3958 26.0871 27.1875C27.2954 25.9792 27.8996 24.5167 27.8996 22.8V13C27.8996 12.7167 27.9954 12.4792 28.1871 12.2875C28.3788 12.0958 28.6163 12 28.8996 12C29.1829 12 29.4204 12.0958 29.6121 12.2875C29.8038 12.4792 29.8996 12.7167 29.8996 13V22.8C29.8996 25.0833 29.1038 27.0208 27.5121 28.6125C25.9204 30.2042 23.9829 31 21.6996 31ZM19.8996 20V10C19.8996 9.71667 19.9954 9.47917 20.1871 9.2875C20.3788 9.09583 20.6163 9 20.8996 9C21.1829 9 21.4204 9.09583 21.6121 9.2875C21.8038 9.47917 21.8996 9.71667 21.8996 10V20H19.8996ZM23.8996 20V11C23.8996 10.7167 23.9954 10.4792 24.1871 10.2875C24.3788 10.0958 24.6163 10 24.8996 10C25.1829 10 25.4204 10.0958 25.6121 10.2875C25.8038 10.4792 25.8996 10.7167 25.8996 11V20H23.8996Z\" fill=\"#1C1B1F\"\/>\n<\/svg>\n\t\tCold in the apartment\t<\/a>\n<\/li>\n\n<li class=\"item--guide\">\n\t<a href=\"https:\/\/sbsstudent.se\/en\/tenant\/housing-maintenance\/common-areas\/\" class=\"item__button\">\n\t\t<svg aria-hidden=\"true\" width=\"40\" height=\"40\" viewBox=\"0 0 40 40\" fill=\"none\" xmlns=\"http:\/\/www.w3.org\/2000\/svg\">\n<path d=\"M21.6996 31C20.3329 31 19.0496 30.6875 17.8496 30.0625C16.6496 29.4375 15.6663 28.5667 14.8996 27.45L10.0996 20.4L10.5746 19.925C10.9079 19.575 11.3204 19.375 11.8121 19.325C12.3038 19.275 12.7496 19.3917 13.1496 19.675L15.8996 21.575V12C15.8996 11.7167 15.9954 11.4792 16.1871 11.2875C16.3788 11.0958 16.6163 11 16.8996 11C17.1829 11 17.4204 11.0958 17.6121 11.2875C17.8038 11.4792 17.8996 11.7167 17.8996 12V25.425L14.1996 22.85L16.5746 26.3C17.1579 27.15 17.8996 27.8125 18.7996 28.2875C19.6996 28.7625 20.6663 29 21.6996 29C23.4163 29 24.8788 28.3958 26.0871 27.1875C27.2954 25.9792 27.8996 24.5167 27.8996 22.8V13C27.8996 12.7167 27.9954 12.4792 28.1871 12.2875C28.3788 12.0958 28.6163 12 28.8996 12C29.1829 12 29.4204 12.0958 29.6121 12.2875C29.8038 12.4792 29.8996 12.7167 29.8996 13V22.8C29.8996 25.0833 29.1038 27.0208 27.5121 28.6125C25.9204 30.2042 23.9829 31 21.6996 31ZM19.8996 20V10C19.8996 9.71667 19.9954 9.47917 20.1871 9.2875C20.3788 9.09583 20.6163 9 20.8996 9C21.1829 9 21.4204 9.09583 21.6121 9.2875C21.8038 9.47917 21.8996 9.71667 21.8996 10V20H19.8996ZM23.8996 20V11C23.8996 10.7167 23.9954 10.4792 24.1871 10.2875C24.3788 10.0958 24.6163 10 24.8996 10C25.1829 10 25.4204 10.0958 25.6121 10.2875C25.8038 10.4792 25.8996 10.7167 25.8996 11V20H23.8996Z\" fill=\"#1C1B1F\"\/>\n<\/svg>\n\t\tCommon areas\t<\/a>\n<\/li>\n\n<li class=\"item--guide\">\n\t<a href=\"https:\/\/sbsstudent.se\/en\/tenant\/housing-maintenance\/damages-and-fault-reporting\/\" class=\"item__button\">\n\t\t<svg aria-hidden=\"true\" width=\"40\" height=\"40\" viewBox=\"0 0 40 40\" fill=\"none\" xmlns=\"http:\/\/www.w3.org\/2000\/svg\">\n<path d=\"M21.6996 31C20.3329 31 19.0496 30.6875 17.8496 30.0625C16.6496 29.4375 15.6663 28.5667 14.8996 27.45L10.0996 20.4L10.5746 19.925C10.9079 19.575 11.3204 19.375 11.8121 19.325C12.3038 19.275 12.7496 19.3917 13.1496 19.675L15.8996 21.575V12C15.8996 11.7167 15.9954 11.4792 16.1871 11.2875C16.3788 11.0958 16.6163 11 16.8996 11C17.1829 11 17.4204 11.0958 17.6121 11.2875C17.8038 11.4792 17.8996 11.7167 17.8996 12V25.425L14.1996 22.85L16.5746 26.3C17.1579 27.15 17.8996 27.8125 18.7996 28.2875C19.6996 28.7625 20.6663 29 21.6996 29C23.4163 29 24.8788 28.3958 26.0871 27.1875C27.2954 25.9792 27.8996 24.5167 27.8996 22.8V13C27.8996 12.7167 27.9954 12.4792 28.1871 12.2875C28.3788 12.0958 28.6163 12 28.8996 12C29.1829 12 29.4204 12.0958 29.6121 12.2875C29.8038 12.4792 29.8996 12.7167 29.8996 13V22.8C29.8996 25.0833 29.1038 27.0208 27.5121 28.6125C25.9204 30.2042 23.9829 31 21.6996 31ZM19.8996 20V10C19.8996 9.71667 19.9954 9.47917 20.1871 9.2875C20.3788 9.09583 20.6163 9 20.8996 9C21.1829 9 21.4204 9.09583 21.6121 9.2875C21.8038 9.47917 21.8996 9.71667 21.8996 10V20H19.8996ZM23.8996 20V11C23.8996 10.7167 23.9954 10.4792 24.1871 10.2875C24.3788 10.0958 24.6163 10 24.8996 10C25.1829 10 25.4204 10.0958 25.6121 10.2875C25.8038 10.4792 25.8996 10.7167 25.8996 11V20H23.8996Z\" fill=\"#1C1B1F\"\/>\n<\/svg>\n\t\tDamages and fault reporting\t<\/a>\n<\/li>\n\n<li class=\"item--guide\">\n\t<a href=\"https:\/\/sbsstudent.se\/en\/tenant\/housing-maintenance\/do-it-yourself\/\" class=\"item__button\">\n\t\t<svg aria-hidden=\"true\" width=\"40\" height=\"40\" viewBox=\"0 0 40 40\" fill=\"none\" xmlns=\"http:\/\/www.w3.org\/2000\/svg\">\n<path d=\"M21.6996 31C20.3329 31 19.0496 30.6875 17.8496 30.0625C16.6496 29.4375 15.6663 28.5667 14.8996 27.45L10.0996 20.4L10.5746 19.925C10.9079 19.575 11.3204 19.375 11.8121 19.325C12.3038 19.275 12.7496 19.3917 13.1496 19.675L15.8996 21.575V12C15.8996 11.7167 15.9954 11.4792 16.1871 11.2875C16.3788 11.0958 16.6163 11 16.8996 11C17.1829 11 17.4204 11.0958 17.6121 11.2875C17.8038 11.4792 17.8996 11.7167 17.8996 12V25.425L14.1996 22.85L16.5746 26.3C17.1579 27.15 17.8996 27.8125 18.7996 28.2875C19.6996 28.7625 20.6663 29 21.6996 29C23.4163 29 24.8788 28.3958 26.0871 27.1875C27.2954 25.9792 27.8996 24.5167 27.8996 22.8V13C27.8996 12.7167 27.9954 12.4792 28.1871 12.2875C28.3788 12.0958 28.6163 12 28.8996 12C29.1829 12 29.4204 12.0958 29.6121 12.2875C29.8038 12.4792 29.8996 12.7167 29.8996 13V22.8C29.8996 25.0833 29.1038 27.0208 27.5121 28.6125C25.9204 30.2042 23.9829 31 21.6996 31ZM19.8996 20V10C19.8996 9.71667 19.9954 9.47917 20.1871 9.2875C20.3788 9.09583 20.6163 9 20.8996 9C21.1829 9 21.4204 9.09583 21.6121 9.2875C21.8038 9.47917 21.8996 9.71667 21.8996 10V20H19.8996ZM23.8996 20V11C23.8996 10.7167 23.9954 10.4792 24.1871 10.2875C24.3788 10.0958 24.6163 10 24.8996 10C25.1829 10 25.4204 10.0958 25.6121 10.2875C25.8038 10.4792 25.8996 10.7167 25.8996 11V20H23.8996Z\" fill=\"#1C1B1F\"\/>\n<\/svg>\n\t\tDo it yourself\t<\/a>\n<\/li>\n\n<li class=\"item--guide\">\n\t<a href=\"https:\/\/sbsstudent.se\/en\/tenant\/housing-maintenance\/electricity-and-heating\/\" class=\"item__button\">\n\t\t<svg aria-hidden=\"true\" width=\"40\" height=\"40\" viewBox=\"0 0 40 40\" fill=\"none\" xmlns=\"http:\/\/www.w3.org\/2000\/svg\">\n<path d=\"M21.6996 31C20.3329 31 19.0496 30.6875 17.8496 30.0625C16.6496 29.4375 15.6663 28.5667 14.8996 27.45L10.0996 20.4L10.5746 19.925C10.9079 19.575 11.3204 19.375 11.8121 19.325C12.3038 19.275 12.7496 19.3917 13.1496 19.675L15.8996 21.575V12C15.8996 11.7167 15.9954 11.4792 16.1871 11.2875C16.3788 11.0958 16.6163 11 16.8996 11C17.1829 11 17.4204 11.0958 17.6121 11.2875C17.8038 11.4792 17.8996 11.7167 17.8996 12V25.425L14.1996 22.85L16.5746 26.3C17.1579 27.15 17.8996 27.8125 18.7996 28.2875C19.6996 28.7625 20.6663 29 21.6996 29C23.4163 29 24.8788 28.3958 26.0871 27.1875C27.2954 25.9792 27.8996 24.5167 27.8996 22.8V13C27.8996 12.7167 27.9954 12.4792 28.1871 12.2875C28.3788 12.0958 28.6163 12 28.8996 12C29.1829 12 29.4204 12.0958 29.6121 12.2875C29.8038 12.4792 29.8996 12.7167 29.8996 13V22.8C29.8996 25.0833 29.1038 27.0208 27.5121 28.6125C25.9204 30.2042 23.9829 31 21.6996 31ZM19.8996 20V10C19.8996 9.71667 19.9954 9.47917 20.1871 9.2875C20.3788 9.09583 20.6163 9 20.8996 9C21.1829 9 21.4204 9.09583 21.6121 9.2875C21.8038 9.47917 21.8996 9.71667 21.8996 10V20H19.8996ZM23.8996 20V11C23.8996 10.7167 23.9954 10.4792 24.1871 10.2875C24.3788 10.0958 24.6163 10 24.8996 10C25.1829 10 25.4204 10.0958 25.6121 10.2875C25.8038 10.4792 25.8996 10.7167 25.8996 11V20H23.8996Z\" fill=\"#1C1B1F\"\/>\n<\/svg>\n\t\tElectricity and heating\t<\/a>\n<\/li>\n\t<\/ul>\n<\/nav>\n\n\n\n\n<h2 class=\"wp-block-heading\">Upon receiving complaints<\/h2>\n\n\n\n<p>If we receive complaints from other tenants that you are not following the issued house rules or if there are repeated disturbances from you, a warning letter will first be sent to give you an opportunity to correct the issue. If there is no improvement despite the warning letter, it will lead to the termination of your rental contract. <\/p>\n\n\n\n<p>Remember, you are responsible, so take care of your student housing!<\/p>\n\n\n\n<section class=\"qt-section container-m is-style-rules\"><div class=\"qt-section__inner grid grid-col-2\">\n<div class=\"qt-container\">\n<figure class=\"wp-block-image size-full\"><img loading=\"lazy\" decoding=\"async\" width=\"900\" height=\"1200\" src=\"https:\/\/sbsstudent.se\/wp-content\/uploads\/2025\/12\/fraknig-kvinna-med-telefon.webp\" alt=\"\" class=\"wp-image-20334\" style=\"aspect-ratio:3\/4;object-fit:cover\" srcset=\"https:\/\/sbsstudent.se\/wp-content\/uploads\/2025\/12\/fraknig-kvinna-med-telefon.webp 900w, https:\/\/sbsstudent.se\/wp-content\/uploads\/2025\/12\/fraknig-kvinna-med-telefon-768x1024.webp 768w\" sizes=\"auto, (max-width: 900px) 100vw, 900px\" \/><\/figure>\n<\/div>\n\n\n\n<div class=\"qt-container is-vertically-aligned-center\">\n<h2 class=\"wp-block-heading\">House rules<\/h2>\n\n\n\n<ul class=\"wp-block-list\">\n<li>Be mindful not to play music too loudly. You can play music during the day, but remember to be considerate. <\/li>\n\n\n\n<li>It should be quiet in the building between 10:00 PM and 7:00 AM.<\/li>\n\n\n\n<li>Consider that it might be easiest to talk to your neighbors; it&#8217;s good to build good relationships. If you&#8217;re planning a small party, please inform your neighbors beforehand to avoid any issues.<\/li>\n\n\n\n<li>Avoid wearing shoes indoors, especially if you live upstairs.<\/li>\n\n\n\n<li>Avoid shaking tablecloths, rugs, or bed linens on balconies or similar areas.<\/li>\n<\/ul>\n<\/div>\n<\/div><\/section>\n<\/div>\n<\/div><\/section>\n","protected":false},"excerpt":{"rendered":"","protected":false},"author":1,"featured_media":21274,"parent":21169,"menu_order":0,"comment_status":"closed","ping_status":"closed","template":"subpage-tenant","meta":{"_acf_changed":false,"footnotes":""},"class_list":["post-21270","page","type-page","status-publish","has-post-thumbnail","hentry"],"acf":[],"_links":{"self":[{"href":"https:\/\/sbsstudent.se\/en\/wp-json\/wp\/v2\/pages\/21270","targetHints":{"allow":["GET"]}}],"collection":[{"href":"https:\/\/sbsstudent.se\/en\/wp-json\/wp\/v2\/pages"}],"about":[{"href":"https:\/\/sbsstudent.se\/en\/wp-json\/wp\/v2\/types\/page"}],"author":[{"embeddable":true,"href":"https:\/\/sbsstudent.se\/en\/wp-json\/wp\/v2\/users\/1"}],"replies":[{"embeddable":true,"href":"https:\/\/sbsstudent.se\/en\/wp-json\/wp\/v2\/comments?post=21270"}],"version-history":[{"count":1,"href":"https:\/\/sbsstudent.se\/en\/wp-json\/wp\/v2\/pages\/21270\/revisions"}],"predecessor-version":[{"id":21275,"href":"https:\/\/sbsstudent.se\/en\/wp-json\/wp\/v2\/pages\/21270\/revisions\/21275"}],"up":[{"embeddable":true,"href":"https:\/\/sbsstudent.se\/en\/wp-json\/wp\/v2\/pages\/21169"}],"wp:featuredmedia":[{"embeddable":true,"href":"https:\/\/sbsstudent.se\/en\/wp-json\/wp\/v2\/media\/21274"}],"wp:attachment":[{"href":"https:\/\/sbsstudent.se\/en\/wp-json\/wp\/v2\/media?parent=21270"}],"curies":[{"name":"wp","href":"https:\/\/api.w.org\/{rel}","templated":true}]}}