{"id":21267,"date":"2025-10-14T11:05:03","date_gmt":"2025-10-14T09:05:03","guid":{"rendered":"https:\/\/sbsstudent.se\/do-it-yourself\/"},"modified":"2025-12-08T09:02:16","modified_gmt":"2025-12-08T08:02:16","slug":"do-it-yourself","status":"publish","type":"page","link":"https:\/\/sbsstudent.se\/en\/tenant\/housing-maintenance\/do-it-yourself\/","title":{"rendered":"Do it yourself"},"content":{"rendered":"\n<section class=\"qt-section container-m\"><div class=\"qt-section__inner grid grid-col-1\">\n<div class=\"qt-container\"><figure style=\"aspect-ratio:4\/3;\" class=\"wp-block-post-featured-image\"><img loading=\"lazy\" decoding=\"async\" width=\"1200\" height=\"900\" src=\"https:\/\/sbsstudent.se\/wp-content\/uploads\/2025\/12\/staplade-citrusfrukter.webp\" class=\"attachment-full size-full wp-post-image\" alt=\"Tjej med r\u00f6tt h\u00e5r och piercing i n\u00e4san, lutar hakan p\u00e5 staplade citrusfrukter.\" style=\"width:100%;height:100%;object-fit:cover;\" srcset=\"https:\/\/sbsstudent.se\/wp-content\/uploads\/2025\/12\/staplade-citrusfrukter.webp 1200w, https:\/\/sbsstudent.se\/wp-content\/uploads\/2025\/12\/staplade-citrusfrukter-768x576.webp 768w\" sizes=\"auto, (max-width: 1200px) 100vw, 1200px\" \/><\/figure><\/div>\n\n\n\n<div class=\"qt-container\">\n<h1 class=\"wp-block-heading\">Do it yourself<\/h1>\n\n\n\n<p>Here you&#8217;ll find practical tips on how you can fix minor issues yourself, like a blocked drain, as well as smart ways to ventilate and save energy at home. By adopting simple daily routines, you can make your own work easier and contribute to a more sustainable environment. <\/p>\n<\/div>\n\n\n\n<div class=\"qt-container\">\n\n<div class=\"articles grid grid-col-2\"> \n\t\n<a class=\"card card--article\" href=\"https:\/\/sbsstudent.se\/en\/aktuellt\/how-to-ventilate-in-an-environmentally-friendly-way\/\">\n\t<div class=\"card__media\">\n\t\t<figure class=\"card__image wp-block-image\">\n\t\t\t<img decoding=\"async\" src=\"https:\/\/sbsstudent.se\/wp-content\/themes\/q-theme\/assets\/images\/article-placeholder.jpg\" alt=\"Placeholder image\" class=\"card__image-img\">\t\t<\/figure>\n\t<\/div>\n\t\n\t<div class=\"card__content\">\n\t\t<h2 class=\"card__title\">How to ventilate in an environmentally friendly way<\/h2>\n\t<\/div>\n\n\t<\/a>\n\n<a class=\"card card--article\" href=\"https:\/\/sbsstudent.se\/en\/aktuellt\/what-do-i-do-if-the-sink-gets-clogged\/\">\n\t<div class=\"card__media\">\n\t\t<figure class=\"card__image wp-block-image\">\n\t\t\t<img decoding=\"async\" src=\"https:\/\/sbsstudent.se\/wp-content\/themes\/q-theme\/assets\/images\/article-placeholder.jpg\" alt=\"Placeholder image\" class=\"card__image-img\">\t\t<\/figure>\n\t<\/div>\n\t\n\t<div class=\"card__content\">\n\t\t<h2 class=\"card__title\">What do I do if the sink gets clogged?<\/h2>\n\t<\/div>\n\n\t<\/a>\n\n<a class=\"card card--article\" href=\"https:\/\/sbsstudent.se\/en\/aktuellt\/what-should-i-do-if-the-power-stops-working\/\">\n\t<div class=\"card__media\">\n\t\t<figure class=\"card__image wp-block-image\">\n\t\t\t<img decoding=\"async\" src=\"https:\/\/sbsstudent.se\/wp-content\/themes\/q-theme\/assets\/images\/article-placeholder.jpg\" alt=\"Placeholder image\" class=\"card__image-img\">\t\t<\/figure>\n\t<\/div>\n\t\n\t<div class=\"card__content\">\n\t\t<h2 class=\"card__title\">What should I do if the power stops working?<\/h2>\n\t<\/div>\n\n\t<\/a>\n<\/div>\n\n\n<\/div>\n<\/div><\/section>\n","protected":false},"excerpt":{"rendered":"","protected":false},"author":1,"featured_media":21206,"parent":21270,"menu_order":0,"comment_status":"closed","ping_status":"closed","template":"subpage-tenant","meta":{"_acf_changed":false,"footnotes":""},"class_list":["post-21267","page","type-page","status-publish","has-post-thumbnail","hentry"],"acf":[],"_links":{"self":[{"href":"https:\/\/sbsstudent.se\/en\/wp-json\/wp\/v2\/pages\/21267","targetHints":{"allow":["GET"]}}],"collection":[{"href":"https:\/\/sbsstudent.se\/en\/wp-json\/wp\/v2\/pages"}],"about":[{"href":"https:\/\/sbsstudent.se\/en\/wp-json\/wp\/v2\/types\/page"}],"author":[{"embeddable":true,"href":"https:\/\/sbsstudent.se\/en\/wp-json\/wp\/v2\/users\/1"}],"replies":[{"embeddable":true,"href":"https:\/\/sbsstudent.se\/en\/wp-json\/wp\/v2\/comments?post=21267"}],"version-history":[{"count":1,"href":"https:\/\/sbsstudent.se\/en\/wp-json\/wp\/v2\/pages\/21267\/revisions"}],"predecessor-version":[{"id":21268,"href":"https:\/\/sbsstudent.se\/en\/wp-json\/wp\/v2\/pages\/21267\/revisions\/21268"}],"up":[{"embeddable":true,"href":"https:\/\/sbsstudent.se\/en\/wp-json\/wp\/v2\/pages\/21270"}],"wp:featuredmedia":[{"embeddable":true,"href":"https:\/\/sbsstudent.se\/en\/wp-json\/wp\/v2\/media\/21206"}],"wp:attachment":[{"href":"https:\/\/sbsstudent.se\/en\/wp-json\/wp\/v2\/media?parent=21267"}],"curies":[{"name":"wp","href":"https:\/\/api.w.org\/{rel}","templated":true}]}}