{"id":21200,"date":"2025-10-14T11:05:03","date_gmt":"2025-10-14T09:05:03","guid":{"rendered":"https:\/\/sbsstudent.se\/tenant\/move\/"},"modified":"2025-12-08T09:01:59","modified_gmt":"2025-12-08T08:01:59","slug":"move","status":"publish","type":"page","link":"https:\/\/sbsstudent.se\/en\/tenant\/move\/","title":{"rendered":"Move"},"content":{"rendered":"\n<section class=\"qt-section container-m\"><div class=\"qt-section__inner grid grid-col-1\">\n<div class=\"qt-container\"><figure style=\"aspect-ratio:4\/3;\" class=\"wp-block-post-featured-image\"><img loading=\"lazy\" decoding=\"async\" width=\"1200\" height=\"900\" src=\"https:\/\/sbsstudent.se\/wp-content\/uploads\/2025\/12\/flyttstok.webp\" class=\"attachment-full size-full wp-post-image\" alt=\"Person med h\u00e5ret i en knut och rutig skjorta, sitter i skr\u00e4ddarst\u00e4llning p\u00e5 golvet och packar upp flyttkartong med kl\u00e4der.\" style=\"width:100%;height:100%;object-fit:cover;\" srcset=\"https:\/\/sbsstudent.se\/wp-content\/uploads\/2025\/12\/flyttstok.webp 1200w, https:\/\/sbsstudent.se\/wp-content\/uploads\/2025\/12\/flyttstok-768x576.webp 768w\" sizes=\"auto, (max-width: 1200px) 100vw, 1200px\" \/><\/figure><\/div>\n\n\n\n<div class=\"qt-container\">\n<h1 class=\"wp-block-heading\">Move in or out<\/h1>\n\n\n\n<p>It&#8217;s always exciting to move to a new home, but there&#8217;s also a lot to think about! Under the tabs <a href=\"https:\/\/sbsstudent.se\/en\/tenant\/moving-in\/\" data-type=\"page\" data-id=\"626\">moving in<\/a> and <a href=\"https:\/\/sbsstudent.se\/en\/tenant\/moving-out\/\" data-type=\"page\" data-id=\"630\">moving out<\/a>, you can read what applies to our student housing. <\/p>\n\n\n\n<p>If you can&#8217;t find what you&#8217;re looking for, you can check <a href=\"https:\/\/sbsstudent.se\/en\/tenant\/frequently-asked-questions\/\" data-type=\"page\" data-id=\"625\">&#8220;Frequently Asked Questions&#8221;<\/a> or find the information in our housing app available on <a href=\"https:\/\/play.google.com\/store\/apps\/details?id=com.avy_app&amp;gl=SE\" target=\"_blank\" rel=\"noreferrer noopener nofollow\">Google Play<\/a> or <a href=\"https:\/\/apps.apple.com\/se\/app\/boendeappen-avy\/id1439041320\" target=\"_blank\" rel=\"noreferrer noopener nofollow\">App Store<\/a>. Below are some quick tips before moving in:<\/p>\n\n\n\n<ul class=\"wp-block-list\">\n<li>Don&#8217;t forget to change your address, you can do this via <a href=\"http:\/\/www.adressandring.se\/\" target=\"_blank\" rel=\"noreferrer noopener nofollow\">www.adressandring.se<\/a>.<\/li>\n\n\n\n<li>Home insurance is a requirement to live with SBS. Make sure to have one in place by the day you move in. Through the housing app, we have insured your home with Hedvig, completely free for 30 days from the move-in date, provided you download the housing app.<br\/>Go into the housing app to ensure you have received insurance.  <\/li>\n\n\n\n<li>Students may be eligible for housing allowance from F\u00f6rs\u00e4kringskassan. Visit their <a href=\"http:\/\/www.forsakringskassan.se\/\" target=\"_blank\" rel=\"noreferrer noopener nofollow\">website<\/a> to see if you qualify for a housing allowance. <\/li>\n<\/ul>\n<\/div>\n<\/div><\/section>\n","protected":false},"excerpt":{"rendered":"","protected":false},"author":1,"featured_media":21204,"parent":21169,"menu_order":0,"comment_status":"closed","ping_status":"closed","template":"subpage-tenant","meta":{"_acf_changed":false,"footnotes":""},"class_list":["post-21200","page","type-page","status-publish","has-post-thumbnail","hentry"],"acf":[],"_links":{"self":[{"href":"https:\/\/sbsstudent.se\/en\/wp-json\/wp\/v2\/pages\/21200","targetHints":{"allow":["GET"]}}],"collection":[{"href":"https:\/\/sbsstudent.se\/en\/wp-json\/wp\/v2\/pages"}],"about":[{"href":"https:\/\/sbsstudent.se\/en\/wp-json\/wp\/v2\/types\/page"}],"author":[{"embeddable":true,"href":"https:\/\/sbsstudent.se\/en\/wp-json\/wp\/v2\/users\/1"}],"replies":[{"embeddable":true,"href":"https:\/\/sbsstudent.se\/en\/wp-json\/wp\/v2\/comments?post=21200"}],"version-history":[{"count":2,"href":"https:\/\/sbsstudent.se\/en\/wp-json\/wp\/v2\/pages\/21200\/revisions"}],"predecessor-version":[{"id":21227,"href":"https:\/\/sbsstudent.se\/en\/wp-json\/wp\/v2\/pages\/21200\/revisions\/21227"}],"up":[{"embeddable":true,"href":"https:\/\/sbsstudent.se\/en\/wp-json\/wp\/v2\/pages\/21169"}],"wp:featuredmedia":[{"embeddable":true,"href":"https:\/\/sbsstudent.se\/en\/wp-json\/wp\/v2\/media\/21204"}],"wp:attachment":[{"href":"https:\/\/sbsstudent.se\/en\/wp-json\/wp\/v2\/media?parent=21200"}],"curies":[{"name":"wp","href":"https:\/\/api.w.org\/{rel}","templated":true}]}}