{"id":21163,"date":"2025-10-14T15:47:22","date_gmt":"2025-10-14T13:47:22","guid":{"rendered":"https:\/\/sbsstudent.se\/housing-queue-orebro\/"},"modified":"2025-12-08T09:02:45","modified_gmt":"2025-12-08T08:02:45","slug":"housing-queue-orebro","status":"publish","type":"page","link":"https:\/\/sbsstudent.se\/en\/housing-queue\/housing-queue-orebro\/","title":{"rendered":"Housing Queue \u00d6rebro"},"content":{"rendered":"\n<section class=\"qt-section container-m\"><div class=\"qt-section__inner grid grid-col-1\">\n<div class=\"qt-container\"><figure style=\"aspect-ratio:4\/3;\" class=\"wp-block-post-featured-image\"><img loading=\"lazy\" decoding=\"async\" width=\"1200\" height=\"799\" src=\"https:\/\/sbsstudent.se\/wp-content\/uploads\/2025\/10\/city-orebro-1200x799.webp\" class=\"attachment-medium size-medium wp-post-image\" alt=\"\" style=\"width:100%;height:100%;object-fit:cover;\" srcset=\"https:\/\/sbsstudent.se\/wp-content\/uploads\/2025\/10\/city-orebro-1200x799.webp 1200w, https:\/\/sbsstudent.se\/wp-content\/uploads\/2025\/10\/city-orebro-768x511.webp 768w, https:\/\/sbsstudent.se\/wp-content\/uploads\/2025\/10\/city-orebro.webp 1400w\" sizes=\"auto, (max-width: 1200px) 100vw, 1200px\" \/><\/figure>\n\n\n<h1 class=\"wp-block-heading\">Housing Queue \u00d6rebro<\/h1>\n\n\n\n<p>Lay the foundation for your future career in \u00d6rebro. Whether you&#8217;re studying at the university or a vocational college, \u00d6rebro has everything you need for a great student life, both on and off campus. You can have a coffee in Wadk\u00f6ping, stroll along Svart\u00e5n, or feel the history at \u00d6rebro Castle \u2013 whatever you&#8217;re in the mood for, there&#8217;s always something to do. Join our housing queue to increase your chances of finding accommodation that makes your study time in \u00d6rebro both secure and enjoyable.   <\/p>\n\n\n\n<div class=\"wp-block-buttons is-layout-flex wp-block-buttons-is-layout-flex\">\n<div class=\"wp-block-button\"><a class=\"wp-block-button__link wp-element-button\" href=\"https:\/\/studentbostad.sbsstudent.se\/user-registration\" target=\"_blank\" rel=\"noreferrer noopener\">Register for the Housing Queue<\/a><\/div>\n<\/div>\n\n\n\n<h2 class=\"wp-block-heading\">How does the housing queue in \u00d6rebro work?<\/h2>\n\n\n\n<p>You collect points in <a href=\"https:\/\/studentbostad.sbsstudent.se\/\">SBS housing queue<\/a> from the date you register. You earn points every day, and the more points you collect, the greater your chance of being offered student accommodation. When you find a property that interests you, you submit an expression of interest and become a candidate for that property.  <\/p>\n\n\n\n<p>We offer a single housing queue, regardless of location. This means you can change both accommodation and location during your stay if needed, which is a reassurance for you as a student. <\/p>\n\n\n\n<h2 class=\"wp-block-heading\">We respond quickly<\/h2>\n\n\n\n<p>We understand that it&#8217;s important to get a quick response when you&#8217;re looking for accommodation. We always strive to get back to you within 1\u20133 working days. Sometimes \u2013 especially around the start of the term \u2013 it may take a little longer. We always do our very best to provide you with a quick response, so you can focus on what&#8217;s most important: your studies.   <\/p>\n\n\n\n<h2 class=\"wp-block-heading\">Registration and tips for getting student accommodation in \u00d6rebro<\/h2>\n\n\n\n<p>To join our housing queue in \u00d6rebro, register an account on our housing platform. You will then start collecting points. You can register from the age of 13, and remember: you don&#8217;t need to be a student to start collecting points. To collect as many points as possible, we recommend registering right away. It&#8217;s both quick and easy.    <\/p>\n\n\n\n<p>When you have been accepted to a program, create a complete profile. There you upload necessary information and certificates such as: <\/p>\n\n\n\n<ul class=\"wp-block-list\">\n<li>Contact information<\/li>\n\n\n\n<li>Study certificates and CSN decisions<\/li>\n\n\n\n<li>Consent for background check.<\/li>\n<\/ul>\n\n\n\n<p>When everything is in place, you&#8217;re ready to apply for your new student housing!<\/p>\n\n\n\n<h2 class=\"wp-block-heading\">Join the housing queue today!<\/h2>\n\n\n\n<p>In one of SBS Studentbost\u00e4der&#8217;s nice and modern student accommodations, you can create a pleasant life in your new student city. Join our housing queue in \u00d6rebro today and start collecting points. Register quickly and easily via the button below.  <\/p>\n\n\n\n<div class=\"wp-block-buttons is-layout-flex wp-block-buttons-is-layout-flex\">\n<div class=\"wp-block-button\"><a class=\"wp-block-button__link wp-element-button\" href=\"https:\/\/studentbostad.sbsstudent.se\/user-registration\" target=\"_blank\" rel=\"noreferrer noopener\">Register for the Housing Queue<\/a><\/div>\n<\/div>\n\n\n\n<h2 class=\"wp-block-heading\">Frequently Asked Questions about the housing queue in \u00d6rebro<\/h2>\n\n\n\n<p class=\"is-style-default\">Here we&#8217;ve gathered some of the most common questions we receive about the SBS housing queue in \u00d6rebro. You can also read our <a href=\"https:\/\/sbsstudent.se\/en\/application-guide\/\" data-type=\"page\" data-id=\"609\">application guide<\/a>. <\/p>\n\n\n\n<section class=\"qt-accordion container-default is-style-default\"><div class=\"qt-section__inner grid grid-col-1\">\n<div class=\"accordion-item\" data-accordion=\"accordion-item\">\n<h3 class=\"accordion-item__heading wp-block-heading\" data-is-open=\"false\"><button aria-expanded=\"false\" id=\"trigger-da1f10c0\" aria-controls=\"content-da1f10c0\" data-accordion=\"accordion-trigger\">Does it cost anything to join your housing queue in \u00d6rebro?<span class=\"accordion-item__icon\" aria-hidden=\"true\"><span class=\"accordion-icon__inner\"><\/span><\/span><\/button><\/h3>\n\n\n\n<div class=\"accordion-item__content\" id=\"content-da1f10c0\" role=\"region\" aria-labelledby=\"trigger-da1f10c0\" data-accordion=\"accordion-content\" hidden><div class=\"accordion-content__inner\">\n<p>No, it&#8217;s completely free!<\/p>\n<\/div><\/div>\n<\/div>\n\n\n\n<div class=\"accordion-item\" data-accordion=\"accordion-item\">\n<h3 class=\"accordion-item__heading wp-block-heading\" data-is-open=\"false\"><button aria-expanded=\"false\" id=\"trigger-e41a096c\" aria-controls=\"content-e41a096c\" data-accordion=\"accordion-trigger\">How many points are needed to get housing?<span class=\"accordion-item__icon\" aria-hidden=\"true\"><span class=\"accordion-icon__inner\"><\/span><\/span><\/button><\/h3>\n\n\n\n<div class=\"accordion-item__content\" id=\"content-e41a096c\" role=\"region\" aria-labelledby=\"trigger-e41a096c\" data-accordion=\"accordion-content\" hidden><div class=\"accordion-content__inner\">\n<p>The number of points required varies depending on the demand for each apartment and location. Therefore, it&#8217;s always good to collect as many points as possible, since the accommodation is usually offered to the person with the most points. <\/p>\n<\/div><\/div>\n<\/div>\n\n\n\n<div class=\"accordion-item\" data-accordion=\"accordion-item\">\n<h3 class=\"accordion-item__heading wp-block-heading\" data-is-open=\"false\"><button aria-expanded=\"false\" id=\"trigger-a00846be\" aria-controls=\"content-a00846be\" data-accordion=\"accordion-trigger\">Do I need to be of legal age to be offered student housing?<span class=\"accordion-item__icon\" aria-hidden=\"true\"><span class=\"accordion-icon__inner\"><\/span><\/span><\/button><\/h3>\n\n\n\n<div class=\"accordion-item__content\" id=\"content-a00846be\" role=\"region\" aria-labelledby=\"trigger-a00846be\" data-accordion=\"accordion-content\" hidden><div class=\"accordion-content__inner\">\n<p>Yes, you need to. You must be 18 years old to submit an expression of interest and be offered student accommodation. However, to join the SBS housing queue in \u00d6rebro, you only need to be 13 years old.  <br\/><\/p>\n<\/div><\/div>\n<\/div>\n<\/div><\/section>\n<\/div>\n<\/div><\/section>\n","protected":false},"excerpt":{"rendered":"","protected":false},"author":1,"featured_media":21164,"parent":21296,"menu_order":0,"comment_status":"closed","ping_status":"closed","template":"subpage","meta":{"_acf_changed":false,"footnotes":""},"class_list":["post-21163","page","type-page","status-publish","has-post-thumbnail","hentry"],"acf":[],"_links":{"self":[{"href":"https:\/\/sbsstudent.se\/en\/wp-json\/wp\/v2\/pages\/21163","targetHints":{"allow":["GET"]}}],"collection":[{"href":"https:\/\/sbsstudent.se\/en\/wp-json\/wp\/v2\/pages"}],"about":[{"href":"https:\/\/sbsstudent.se\/en\/wp-json\/wp\/v2\/types\/page"}],"author":[{"embeddable":true,"href":"https:\/\/sbsstudent.se\/en\/wp-json\/wp\/v2\/users\/1"}],"replies":[{"embeddable":true,"href":"https:\/\/sbsstudent.se\/en\/wp-json\/wp\/v2\/comments?post=21163"}],"version-history":[{"count":2,"href":"https:\/\/sbsstudent.se\/en\/wp-json\/wp\/v2\/pages\/21163\/revisions"}],"predecessor-version":[{"id":21283,"href":"https:\/\/sbsstudent.se\/en\/wp-json\/wp\/v2\/pages\/21163\/revisions\/21283"}],"up":[{"embeddable":true,"href":"https:\/\/sbsstudent.se\/en\/wp-json\/wp\/v2\/pages\/21296"}],"wp:featuredmedia":[{"embeddable":true,"href":"https:\/\/sbsstudent.se\/en\/wp-json\/wp\/v2\/media\/21164"}],"wp:attachment":[{"href":"https:\/\/sbsstudent.se\/en\/wp-json\/wp\/v2\/media?parent=21163"}],"curies":[{"name":"wp","href":"https:\/\/api.w.org\/{rel}","templated":true}]}}