{"id":21151,"date":"2025-10-14T11:05:11","date_gmt":"2025-10-14T09:05:11","guid":{"rendered":"https:\/\/sbsstudent.se\/youth-apartment\/"},"modified":"2026-01-15T13:48:37","modified_gmt":"2026-01-15T12:48:37","slug":"youth-apartment","status":"publish","type":"page","link":"https:\/\/sbsstudent.se\/en\/youth-apartment\/","title":{"rendered":"Youth apartment"},"content":{"rendered":"\n<section class=\"qt-section container-default has-background has-accent-1-background-color\" style=\"background-color:#D2C3E1\"><div class=\"qt-section__inner grid grid-col-2\">\n<div class=\"qt-container is-vertically-aligned-center is-style-text-column\">\n<p class=\"is-style-eyebrow\">Accommodation for those between 18-27 years<\/p>\n\n\n\n<h1 class=\"wp-block-heading\">Youth apartment<\/h1>\n\n\n\n<p class=\"has-m-font-size\">A youth apartment is perfect for those who want to move out but are not going to study. These apartments are available for those who are between 18-27 years old and working. Here you have a better chance of getting a home without competing with older tenants, as the selection is minimized.  <\/p>\n\n\n\n<div class=\"wp-block-buttons is-layout-flex wp-block-buttons-is-layout-flex\">\n<div class=\"wp-block-button is-style-button-secondary\"><a class=\"wp-block-button__link wp-element-button\" href=\"https:\/\/studentbostad.sbsstudent.se\/user-registration\" target=\"_blank\" rel=\"noreferrer noopener\">Register for the Housing Queue<\/a><\/div>\n<\/div>\n<\/div>\n\n\n\n<div class=\"qt-container is-style-image-column\">\n<figure class=\"wp-block-image size-full\"><img loading=\"lazy\" decoding=\"async\" width=\"1200\" height=\"1200\" src=\"https:\/\/sbsstudent.se\/wp-content\/uploads\/2025\/12\/kompishang.webp\" alt=\"\" class=\"wp-image-20361\" style=\"aspect-ratio:1;object-fit:cover\" srcset=\"https:\/\/sbsstudent.se\/wp-content\/uploads\/2025\/12\/kompishang.webp 1200w, https:\/\/sbsstudent.se\/wp-content\/uploads\/2025\/12\/kompishang-600x600.webp 600w, https:\/\/sbsstudent.se\/wp-content\/uploads\/2025\/12\/kompishang-768x768.webp 768w\" sizes=\"auto, (max-width: 1200px) 100vw, 1200px\" \/><\/figure>\n<\/div>\n<\/div><\/section>\n\n<section class=\"qt-section container-default\"><div class=\"qt-section__inner grid grid-col-2\">\n<div class=\"qt-container\">\n<h2 class=\"wp-block-heading\">Frequently asked questions about youth apartments<\/h2>\n\n\n\n<p class=\"has-m-font-size\">Here you can find answers to some of the most common questions regarding youth apartments.<\/p>\n<\/div>\n\n\n\n<div class=\"qt-container\">\n<section class=\"qt-accordion container-default is-style-default\"><div class=\"qt-section__inner grid grid-col-1\">\n<div class=\"accordion-item\" data-accordion=\"accordion-item\">\n<h3 class=\"accordion-item__heading wp-block-heading\" data-is-open=\"false\"><button aria-expanded=\"false\" id=\"trigger-e41a096c\" aria-controls=\"content-e41a096c\" data-accordion=\"accordion-trigger\">What is a youth apartment?<span class=\"accordion-item__icon\" aria-hidden=\"true\"><span class=\"accordion-icon__inner\"><\/span><\/span><\/button><\/h3>\n\n\n\n<div class=\"accordion-item__content\" id=\"content-e41a096c\" role=\"region\" aria-labelledby=\"trigger-e41a096c\" data-accordion=\"accordion-content\" hidden><div class=\"accordion-content__inner\">\n<p>To apply for our youth apartments, you need to be between 18\u201327 years old at the time of signing the contract and have a job. You need to be able to certify your age and submit a work certificate. <\/p>\n<\/div><\/div>\n<\/div>\n\n\n\n<div class=\"accordion-item\" data-accordion=\"accordion-item\">\n<h3 class=\"accordion-item__heading wp-block-heading\" data-is-open=\"false\"><button aria-expanded=\"false\" id=\"trigger-a00846be\" aria-controls=\"content-a00846be\" data-accordion=\"accordion-trigger\">How long can you stay in youth housing?<span class=\"accordion-item__icon\" aria-hidden=\"true\"><span class=\"accordion-icon__inner\"><\/span><\/span><\/button><\/h3>\n\n\n\n<div class=\"accordion-item__content\" id=\"content-a00846be\" role=\"region\" aria-labelledby=\"trigger-a00846be\" data-accordion=\"accordion-content\" hidden><div class=\"accordion-content__inner\">\n<p>There is no time limit on how long you can live in a youth apartment. But you must be <g id=\"gid_0\">1<\/g>8-27 years old when signing the contract. <\/p>\n<\/div><\/div>\n<\/div>\n\n\n\n<div class=\"accordion-item\" data-accordion=\"accordion-item\">\n<h3 class=\"accordion-item__heading wp-block-heading\" data-is-open=\"false\"><button aria-expanded=\"false\" id=\"trigger-da1f10c0\" aria-controls=\"content-da1f10c0\" data-accordion=\"accordion-trigger\">How do I apply for a youth apartment?<span class=\"accordion-item__icon\" aria-hidden=\"true\"><span class=\"accordion-icon__inner\"><\/span><\/span><\/button><\/h3>\n\n\n\n<div class=\"accordion-item__content\" id=\"content-da1f10c0\" role=\"region\" aria-labelledby=\"trigger-da1f10c0\" data-accordion=\"accordion-content\" hidden><div class=\"accordion-content__inner\">\n<p>Follow the instructions in our <a href=\"https:\/\/sbsstudent.se\/en\/application-guide\/\" data-type=\"page\" data-id=\"609\">application guide<\/a>.<\/p>\n<\/div><\/div>\n<\/div>\n\n\n\n<div class=\"accordion-item\" data-accordion=\"accordion-item\">\n<h3 class=\"accordion-item__heading wp-block-heading\" data-is-open=\"false\"><button aria-expanded=\"false\" id=\"trigger-cb3f25fb\" aria-controls=\"content-cb3f25fb\" data-accordion=\"accordion-trigger\">What is your rental policy for youth apartments?<span class=\"accordion-item__icon\" aria-hidden=\"true\"><span class=\"accordion-icon__inner\"><\/span><\/span><\/button><\/h3>\n\n\n\n<div class=\"accordion-item__content\" id=\"content-cb3f25fb\" role=\"region\" aria-labelledby=\"trigger-cb3f25fb\" data-accordion=\"accordion-content\" hidden><div class=\"accordion-content__inner\">\n<p>You can read more about our <a href=\"https:\/\/sbsstudent.se\/en\/rental-policy\/\" data-type=\"page\" data-id=\"18756\">rental policy<\/a> here.<\/p>\n<\/div><\/div>\n<\/div>\n\n\n\n<div class=\"accordion-item\" data-accordion=\"accordion-item\">\n<h3 class=\"accordion-item__heading wp-block-heading\" data-is-open=\"false\"><button aria-expanded=\"false\" id=\"trigger-3063a613\" aria-controls=\"content-3063a613\" data-accordion=\"accordion-trigger\">Where can I find available youth apartments to apply for?<span class=\"accordion-item__icon\" aria-hidden=\"true\"><span class=\"accordion-icon__inner\"><\/span><\/span><\/button><\/h3>\n\n\n\n<div class=\"accordion-item__content\" id=\"content-3063a613\" role=\"region\" aria-labelledby=\"trigger-3063a613\" data-accordion=\"accordion-content\" hidden><div class=\"accordion-content__inner\">\n<p>You can find available youth apartments on the page for <a href=\"https:\/\/sbsstudent.se\/en\/available-accommodations\/\" data-type=\"page\" data-id=\"607\">available apartments<\/a>.<\/p>\n<\/div><\/div>\n<\/div>\n\n\n\n<div class=\"accordion-item\" data-accordion=\"accordion-item\">\n<h3 class=\"accordion-item__heading wp-block-heading\" data-is-open=\"false\"><button aria-expanded=\"false\" id=\"trigger-3063a613\" aria-controls=\"content-3063a613\" data-accordion=\"accordion-trigger\">In which cities are youth apartments offered?<span class=\"accordion-item__icon\" aria-hidden=\"true\"><span class=\"accordion-icon__inner\"><\/span><\/span><\/button><\/h3>\n\n\n\n<div class=\"accordion-item__content\" id=\"content-3063a613\" role=\"region\" aria-labelledby=\"trigger-3063a613\" data-accordion=\"accordion-content\" hidden><div class=\"accordion-content__inner\">\n<p>Youth apartments are currently available in the cities of Stockholm, Trollh\u00e4ttan, Malm\u00f6, Karlskrona, Kristianstad, Lule\u00e5, V\u00e4xj\u00f6, and Ronneby.<\/p>\n<\/div><\/div>\n<\/div>\n<\/div><\/section>\n<\/div>\n<\/div><\/section>\n\n<section class=\"qt-section container-default has-background has-brand-accent-background-color is-style-cta\" style=\"background-color:#8FF5A1\"><div class=\"qt-section__inner grid grid-col-2\">\n<div class=\"qt-container is-vertically-aligned-center is-style-text-column\">\n<h2 class=\"wp-block-heading\">Cities where we offer youth housing<\/h2>\n\n\n\n<p class=\"has-m-font-size\">We have youth apartments from Malm\u00f6 in the south to Lule\u00e5 in the north \u2013 and many places in between. Find your new home and apply today! <\/p>\n\n\n\n<div class=\"wp-block-buttons is-layout-flex wp-block-buttons-is-layout-flex\">\n<div class=\"wp-block-button is-style-button-secondary\"><a class=\"wp-block-button__link wp-element-button\" href=\"https:\/\/sbsstudent.se\/en\/available-accommodations\/\">See available apartments<\/a><\/div>\n<\/div>\n<\/div>\n\n\n\n<div class=\"qt-container is-style-image-column\">\n<figure class=\"wp-block-image size-full\"><img loading=\"lazy\" decoding=\"async\" width=\"1200\" height=\"900\" src=\"https:\/\/sbsstudent.se\/wp-content\/uploads\/2025\/12\/kaffepaus.webp\" alt=\"\" class=\"wp-image-20362\" style=\"aspect-ratio:16\/9;object-fit:cover\" srcset=\"https:\/\/sbsstudent.se\/wp-content\/uploads\/2025\/12\/kaffepaus.webp 1200w, https:\/\/sbsstudent.se\/wp-content\/uploads\/2025\/12\/kaffepaus-768x576.webp 768w\" sizes=\"auto, (max-width: 1200px) 100vw, 1200px\" \/><\/figure>\n<\/div>\n<\/div><\/section>\n","protected":false},"excerpt":{"rendered":"","protected":false},"author":1,"featured_media":0,"parent":0,"menu_order":0,"comment_status":"closed","ping_status":"closed","template":"","meta":{"_acf_changed":false,"footnotes":""},"class_list":["post-21151","page","type-page","status-publish","hentry"],"acf":[],"_links":{"self":[{"href":"https:\/\/sbsstudent.se\/en\/wp-json\/wp\/v2\/pages\/21151","targetHints":{"allow":["GET"]}}],"collection":[{"href":"https:\/\/sbsstudent.se\/en\/wp-json\/wp\/v2\/pages"}],"about":[{"href":"https:\/\/sbsstudent.se\/en\/wp-json\/wp\/v2\/types\/page"}],"author":[{"embeddable":true,"href":"https:\/\/sbsstudent.se\/en\/wp-json\/wp\/v2\/users\/1"}],"replies":[{"embeddable":true,"href":"https:\/\/sbsstudent.se\/en\/wp-json\/wp\/v2\/comments?post=21151"}],"version-history":[{"count":4,"href":"https:\/\/sbsstudent.se\/en\/wp-json\/wp\/v2\/pages\/21151\/revisions"}],"predecessor-version":[{"id":22251,"href":"https:\/\/sbsstudent.se\/en\/wp-json\/wp\/v2\/pages\/21151\/revisions\/22251"}],"wp:attachment":[{"href":"https:\/\/sbsstudent.se\/en\/wp-json\/wp\/v2\/media?parent=21151"}],"curies":[{"name":"wp","href":"https:\/\/api.w.org\/{rel}","templated":true}]}}