{"id":21148,"date":"2025-10-14T15:47:22","date_gmt":"2025-10-14T13:47:22","guid":{"rendered":"https:\/\/sbsstudent.se\/housing-queue-trollhattan\/"},"modified":"2025-12-08T09:02:47","modified_gmt":"2025-12-08T08:02:47","slug":"housing-queue-trollhattan","status":"publish","type":"page","link":"https:\/\/sbsstudent.se\/en\/housing-queue\/housing-queue-trollhattan\/","title":{"rendered":"Housing Queue Trollh\u00e4ttan"},"content":{"rendered":"\n<section class=\"qt-section container-m\"><div class=\"qt-section__inner grid grid-col-1\">\n<div class=\"qt-container\"><figure style=\"aspect-ratio:4\/3;\" class=\"wp-block-post-featured-image\"><img loading=\"lazy\" decoding=\"async\" width=\"1200\" height=\"800\" src=\"https:\/\/sbsstudent.se\/wp-content\/uploads\/2025\/10\/city-trollhattan-1200x800.webp\" class=\"attachment-medium size-medium wp-post-image\" alt=\"\" style=\"width:100%;height:100%;object-fit:cover;\" srcset=\"https:\/\/sbsstudent.se\/wp-content\/uploads\/2025\/10\/city-trollhattan-1200x800.webp 1200w, https:\/\/sbsstudent.se\/wp-content\/uploads\/2025\/10\/city-trollhattan-768x512.webp 768w, https:\/\/sbsstudent.se\/wp-content\/uploads\/2025\/10\/city-trollhattan.webp 1400w\" sizes=\"auto, (max-width: 1200px) 100vw, 1200px\" \/><\/figure>\n\n\n<h1 class=\"wp-block-heading\">Housing Queue Trollh\u00e4ttan<\/h1>\n\n\n\n<p>Enjoy life as a student in beautiful Trollh\u00e4ttan. When you&#8217;re not studying on campus, there are many different activities you can engage in. Here you can walk along the G\u00f6ta River, experience the power of the mighty Trollh\u00e4ttan Falls, or take a well-deserved break from your studies at a cozy caf\u00e9 in the city. In Trollh\u00e4ttan, there are plenty of opportunities for students to thrive. By joining our housing queue, you increase your chances of finding a place to call home during your studies in Trollh\u00e4ttan.    <\/p>\n\n\n\n<div class=\"wp-block-buttons is-layout-flex wp-block-buttons-is-layout-flex\">\n<div class=\"wp-block-button\"><a class=\"wp-block-button__link wp-element-button\" href=\"https:\/\/studentbostad.sbsstudent.se\/user-registration\" target=\"_blank\" rel=\"noreferrer noopener\">Register for the Housing Queue<\/a><\/div>\n<\/div>\n\n\n\n<h2 class=\"wp-block-heading\">How does the housing queue in Trollh\u00e4ttan work?<\/h2>\n\n\n\n<p>With us, you&#8217;re in the same housing queue, regardless of location. This means you have the opportunity to change both your accommodation and location during your stay, flexibly and securely. <\/p>\n\n\n\n<p>In the <a href=\"https:\/\/studentbostad.sbsstudent.se\/\">SBS housing queue<\/a>, you collect points every day from the date you register. The more points you collect, the better chance you have of being offered student housing in one of our cities. When you find student housing that interests you, you submit an expression of interest. After that, you&#8217;re included in a selection of potential tenants for the available accommodation.   <\/p>\n\n\n\n<p>And hey, if you&#8217;re between 18-27 years old, we have nice <a href=\"https:\/\/sbsstudent.se\/en\/available-accommodations\/\" data-type=\"page\" data-id=\"607\">apartments<\/a> in Trollh\u00e4ttan even for those who aren&#8217;t students.<\/p>\n\n\n\n<h2 class=\"wp-block-heading\">We respond quickly<\/h2>\n\n\n\n<p>We know how stressful it can be to live in uncertainty. That&#8217;s why we always strive to give you a response within 1-3 working days when you apply for housing. Around the start of the semester, when many people are applying at the same time, it might take a bit longer. We always do our best to give you a quick answer, so you can focus your energy on what&#8217;s most important: your studies.   <\/p>\n\n\n\n<h2 class=\"wp-block-heading\">Registration and tips for getting student housing in Trollh\u00e4ttan<\/h2>\n\n\n\n<p>To join SBS housing queue in Trollh\u00e4ttan, you register an account on our housing platform and start collecting points. You can register from the age of 13, and you don&#8217;t need to be a student to start collecting points. The earlier you register, the more points you&#8217;ll accumulate. Having many points is always an advantage when you&#8217;ve found interesting housing, so don&#8217;t wait to register. It&#8217;s both simple and quick.    <\/p>\n\n\n\n<p>Once you&#8217;ve been accepted to a school, you can create a complete profile with us. There, you upload necessary information and documents such as: <\/p>\n\n\n\n<ul class=\"wp-block-list\">\n<li>Contact information<\/li>\n\n\n\n<li>Study certificates and CSN decisions<\/li>\n\n\n\n<li>Consent for background check.<\/li>\n<\/ul>\n\n\n\n<p>When everything is in place, you&#8217;re ready to apply for your new student housing!<\/p>\n\n\n\n<h2 class=\"wp-block-heading\">Join the housing queue today!<\/h2>\n\n\n\n<p>In one of SBS Student Housing&#8217;s nice and modern student accommodations, you&#8217;ll be able to feel at home. Join our housing queue in Trollh\u00e4ttan today and start collecting points. Register quickly and easily via the button below.  <\/p>\n\n\n\n<div class=\"wp-block-buttons is-layout-flex wp-block-buttons-is-layout-flex\">\n<div class=\"wp-block-button\"><a class=\"wp-block-button__link wp-element-button\" href=\"https:\/\/studentbostad.sbsstudent.se\/user-registration\" target=\"_blank\" rel=\"noreferrer noopener\">Register for the Housing Queue<\/a><\/div>\n<\/div>\n\n\n\n<h2 class=\"wp-block-heading\">Frequently asked questions about the housing queue in Trollh\u00e4ttan<\/h2>\n\n\n\n<p class=\"is-style-default\">Here we&#8217;ve gathered some of the most common questions we receive about SBS housing queue in Trollh\u00e4ttan. You can also read our <a href=\"https:\/\/sbsstudent.se\/en\/application-guide\/\" data-type=\"page\" data-id=\"609\">application guide<\/a>. <\/p>\n\n\n\n<section class=\"qt-accordion container-default is-style-default\"><div class=\"qt-section__inner grid grid-col-1\">\n<div class=\"accordion-item\" data-accordion=\"accordion-item\">\n<h3 class=\"accordion-item__heading wp-block-heading\" data-is-open=\"false\"><button aria-expanded=\"false\" id=\"trigger-da1f10c0\" aria-controls=\"content-da1f10c0\" data-accordion=\"accordion-trigger\">Does it cost anything to be in your housing queue in Trollh\u00e4ttan?<span class=\"accordion-item__icon\" aria-hidden=\"true\"><span class=\"accordion-icon__inner\"><\/span><\/span><\/button><\/h3>\n\n\n\n<div class=\"accordion-item__content\" id=\"content-da1f10c0\" role=\"region\" aria-labelledby=\"trigger-da1f10c0\" data-accordion=\"accordion-content\" hidden><div class=\"accordion-content__inner\">\n<p>No, it&#8217;s completely free!<\/p>\n<\/div><\/div>\n<\/div>\n\n\n\n<div class=\"accordion-item\" data-accordion=\"accordion-item\">\n<h3 class=\"accordion-item__heading wp-block-heading\" data-is-open=\"false\"><button aria-expanded=\"false\" id=\"trigger-e41a096c\" aria-controls=\"content-e41a096c\" data-accordion=\"accordion-trigger\">How many points are needed to get housing?<span class=\"accordion-item__icon\" aria-hidden=\"true\"><span class=\"accordion-icon__inner\"><\/span><\/span><\/button><\/h3>\n\n\n\n<div class=\"accordion-item__content\" id=\"content-e41a096c\" role=\"region\" aria-labelledby=\"trigger-e41a096c\" data-accordion=\"accordion-content\" hidden><div class=\"accordion-content__inner\">\n<p>The number of points required varies depending on the demand for each apartment and location. Therefore, it&#8217;s always good to collect as many points as possible, since the accommodation is usually offered to the person with the most points. <\/p>\n<\/div><\/div>\n<\/div>\n\n\n\n<div class=\"accordion-item\" data-accordion=\"accordion-item\">\n<h3 class=\"accordion-item__heading wp-block-heading\" data-is-open=\"false\"><button aria-expanded=\"false\" id=\"trigger-a00846be\" aria-controls=\"content-a00846be\" data-accordion=\"accordion-trigger\">Do I need to be of legal age to be offered student housing?<span class=\"accordion-item__icon\" aria-hidden=\"true\"><span class=\"accordion-icon__inner\"><\/span><\/span><\/button><\/h3>\n\n\n\n<div class=\"accordion-item__content\" id=\"content-a00846be\" role=\"region\" aria-labelledby=\"trigger-a00846be\" data-accordion=\"accordion-content\" hidden><div class=\"accordion-content__inner\">\n<p>Yes, you do. You must be at least 18 years old to submit an expression of interest and be offered student housing. However, to join SBS housing queue in Trollh\u00e4ttan, you only need to be 13 years old.  <br\/><\/p>\n<\/div><\/div>\n<\/div>\n<\/div><\/section>\n<\/div>\n<\/div><\/section>\n","protected":false},"excerpt":{"rendered":"","protected":false},"author":1,"featured_media":21149,"parent":21296,"menu_order":0,"comment_status":"closed","ping_status":"closed","template":"subpage","meta":{"_acf_changed":false,"footnotes":""},"class_list":["post-21148","page","type-page","status-publish","has-post-thumbnail","hentry"],"acf":[],"_links":{"self":[{"href":"https:\/\/sbsstudent.se\/en\/wp-json\/wp\/v2\/pages\/21148","targetHints":{"allow":["GET"]}}],"collection":[{"href":"https:\/\/sbsstudent.se\/en\/wp-json\/wp\/v2\/pages"}],"about":[{"href":"https:\/\/sbsstudent.se\/en\/wp-json\/wp\/v2\/types\/page"}],"author":[{"embeddable":true,"href":"https:\/\/sbsstudent.se\/en\/wp-json\/wp\/v2\/users\/1"}],"replies":[{"embeddable":true,"href":"https:\/\/sbsstudent.se\/en\/wp-json\/wp\/v2\/comments?post=21148"}],"version-history":[{"count":3,"href":"https:\/\/sbsstudent.se\/en\/wp-json\/wp\/v2\/pages\/21148\/revisions"}],"predecessor-version":[{"id":21286,"href":"https:\/\/sbsstudent.se\/en\/wp-json\/wp\/v2\/pages\/21148\/revisions\/21286"}],"up":[{"embeddable":true,"href":"https:\/\/sbsstudent.se\/en\/wp-json\/wp\/v2\/pages\/21296"}],"wp:featuredmedia":[{"embeddable":true,"href":"https:\/\/sbsstudent.se\/en\/wp-json\/wp\/v2\/media\/21149"}],"wp:attachment":[{"href":"https:\/\/sbsstudent.se\/en\/wp-json\/wp\/v2\/media?parent=21148"}],"curies":[{"name":"wp","href":"https:\/\/api.w.org\/{rel}","templated":true}]}}