{"id":21138,"date":"2025-10-14T15:47:22","date_gmt":"2025-10-14T13:47:22","guid":{"rendered":"https:\/\/sbsstudent.se\/housing-queue-malmo\/"},"modified":"2025-12-08T09:02:44","modified_gmt":"2025-12-08T08:02:44","slug":"housing-queue-malmo","status":"publish","type":"page","link":"https:\/\/sbsstudent.se\/en\/housing-queue\/housing-queue-malmo\/","title":{"rendered":"Housing Queue Malm\u00f6"},"content":{"rendered":"\n<section class=\"qt-section container-m\"><div class=\"qt-section__inner grid grid-col-1\">\n<div class=\"qt-container\"><figure style=\"aspect-ratio:4\/3;\" class=\"wp-block-post-featured-image\"><img loading=\"lazy\" decoding=\"async\" width=\"1200\" height=\"675\" src=\"https:\/\/sbsstudent.se\/wp-content\/uploads\/2025\/10\/city-malmo-1200x675.webp\" class=\"attachment-medium size-medium wp-post-image\" alt=\"\" style=\"width:100%;height:100%;object-fit:cover;\" srcset=\"https:\/\/sbsstudent.se\/wp-content\/uploads\/2025\/10\/city-malmo-1200x675.webp 1200w, https:\/\/sbsstudent.se\/wp-content\/uploads\/2025\/10\/city-malmo-768x432.webp 768w, https:\/\/sbsstudent.se\/wp-content\/uploads\/2025\/10\/city-malmo.webp 1400w\" sizes=\"auto, (max-width: 1200px) 100vw, 1200px\" \/><\/figure>\n\n\n<h1 class=\"wp-block-heading\">Housing Queue Malm\u00f6<\/h1>\n\n\n\n<p>In Malm\u00f6, you study in Sweden&#8217;s fastest-growing city. With the \u00d6resund Bridge linking it to Europe, Malm\u00f6 is considered an international city where many cultures meet. There are several institutions offering education in a variety of fields. Malm\u00f6 is a large yet compact city where most things are within cycling distance. But if you prefer public transport, there are convenient buses and trains to take you around the city and further into Sk\u00e5ne. When you&#8217;re not studying, you won&#8217;t be bored. Stroll through Slottsparken, have a coffee at M\u00f6llev\u00e5ngstorget, or enjoy the sea view at V\u00e4stra Hamnen \u2013 there&#8217;s something for everyone. By joining the SBS housing queue, you increase your chances of finding a safe and pleasant home during your study years in Malm\u00f6.       <\/p>\n\n\n\n<div class=\"wp-block-buttons is-layout-flex wp-block-buttons-is-layout-flex\">\n<div class=\"wp-block-button\"><a class=\"wp-block-button__link wp-element-button\" href=\"https:\/\/studentbostad.sbsstudent.se\/user-registration\" target=\"_blank\" rel=\"noreferrer noopener\">Register for the Housing Queue<\/a><\/div>\n<\/div>\n\n\n\n<h2 class=\"wp-block-heading\">How does the housing queue in Malm\u00f6 work?<\/h2>\n\n\n\n<p>When you are in the <a href=\"https:\/\/studentbostad.sbsstudent.se\/\">SBS housing queue<\/a>, you collect points every day from the date you registered. The more points you collect, the greater your chance of being offered a student apartment in one of our cities. When you find a student apartment that interests you, you submit an expression of interest and become one of several applicants for that apartment. It&#8217;s good to know that we have one single housing queue for all locations. This makes it both convenient and secure to move if your plans change.    <\/p>\n\n\n\n<p>And hey, if you&#8217;re between 18\u201327 years old, we have <a href=\"https:\/\/sbsstudent.se\/lediga-lagenheter\/\" data-type=\"page\" data-id=\"607\">apartments<\/a> in Malm\u00f6 even for those who are not studying!<\/p>\n\n\n\n<h2 class=\"wp-block-heading\">We respond quickly<\/h2>\n\n\n\n<p>We understand how important it is to get a quick response when you&#8217;re looking for housing. That&#8217;s why we always do our best to get back to you within 1\u20133 working days. However, during certain periods, it might take a little longer, such as around the start of the term when many people are applying at the same time. Our goal is always to provide you with a quick response, so you can focus on what&#8217;s most important: your studies.   <\/p>\n\n\n\n<h2 class=\"wp-block-heading\">Registration and tips for getting student housing in Malm\u00f6<\/h2>\n\n\n\n<p>To join the SBS housing queue in Malm\u00f6, you register an account on our housing platform, then you can start collecting points. You can register from the age of 13, and remember: you don&#8217;t need to be a student to start collecting points. The earlier you register, the more points you can collect before you start studying. Having many points is beneficial when you&#8217;ve found a housing option you&#8217;re interested in, so don&#8217;t wait to register. It&#8217;s both quick and easy.    <\/p>\n\n\n\n<p>Once you have been admitted to a school, you can create a complete profile. There you upload necessary information and documents such as: <\/p>\n\n\n\n<ul class=\"wp-block-list\">\n<li>Contact information<\/li>\n\n\n\n<li>Study certificates and CSN decisions<\/li>\n\n\n\n<li>Consent for background check.<\/li>\n<\/ul>\n\n\n\n<p>When everything is in place, you&#8217;re ready to apply for your new student housing!<\/p>\n\n\n\n<h2 class=\"wp-block-heading\">Join the housing queue today!<\/h2>\n\n\n\n<p>With SBS Student Housing&#8217;s wide range of modern and affordable student accommodations, you have the opportunity to create a comfortable and homely dream life in your new student city. Join our housing queue in Malm\u00f6 today and start collecting points. Register quickly and easily via the button below.  <\/p>\n\n\n\n<div class=\"wp-block-buttons is-layout-flex wp-block-buttons-is-layout-flex\">\n<div class=\"wp-block-button\"><a class=\"wp-block-button__link wp-element-button\" href=\"https:\/\/studentbostad.sbsstudent.se\/user-registration\" target=\"_blank\" rel=\"noreferrer noopener\">Register for the Housing Queue<\/a><\/div>\n<\/div>\n\n\n\n<h2 class=\"wp-block-heading\">Frequently Asked Questions about the housing queue in Malm\u00f6<\/h2>\n\n\n\n<p class=\"is-style-default\">Here we have gathered some of the most common questions we receive about the SBS housing queue in Malm\u00f6. You can also read our <a href=\"https:\/\/sbsstudent.se\/en\/application-guide\/\" data-type=\"page\" data-id=\"609\">application guide<\/a>. <\/p>\n\n\n\n<section class=\"qt-accordion container-default is-style-default\"><div class=\"qt-section__inner grid grid-col-1\">\n<div class=\"accordion-item\" data-accordion=\"accordion-item\">\n<h3 class=\"accordion-item__heading wp-block-heading\" data-is-open=\"false\"><button aria-expanded=\"false\" id=\"trigger-da1f10c0\" aria-controls=\"content-da1f10c0\" data-accordion=\"accordion-trigger\">Does it cost anything to be in your housing queue in Malm\u00f6?<span class=\"accordion-item__icon\" aria-hidden=\"true\"><span class=\"accordion-icon__inner\"><\/span><\/span><\/button><\/h3>\n\n\n\n<div class=\"accordion-item__content\" id=\"content-da1f10c0\" role=\"region\" aria-labelledby=\"trigger-da1f10c0\" data-accordion=\"accordion-content\" hidden><div class=\"accordion-content__inner\">\n<p>No, it&#8217;s completely free!<\/p>\n<\/div><\/div>\n<\/div>\n\n\n\n<div class=\"accordion-item\" data-accordion=\"accordion-item\">\n<h3 class=\"accordion-item__heading wp-block-heading\" data-is-open=\"false\"><button aria-expanded=\"false\" id=\"trigger-e41a096c\" aria-controls=\"content-e41a096c\" data-accordion=\"accordion-trigger\">How many points are needed to get housing?<span class=\"accordion-item__icon\" aria-hidden=\"true\"><span class=\"accordion-icon__inner\"><\/span><\/span><\/button><\/h3>\n\n\n\n<div class=\"accordion-item__content\" id=\"content-e41a096c\" role=\"region\" aria-labelledby=\"trigger-e41a096c\" data-accordion=\"accordion-content\" hidden><div class=\"accordion-content__inner\">\n<p>The number of points required varies depending on the demand for each apartment and location. Therefore, it&#8217;s always good to collect as many points as possible, since the accommodation is usually offered to the person with the most points. <\/p>\n<\/div><\/div>\n<\/div>\n\n\n\n<div class=\"accordion-item\" data-accordion=\"accordion-item\">\n<h3 class=\"accordion-item__heading wp-block-heading\" data-is-open=\"false\"><button aria-expanded=\"false\" id=\"trigger-a00846be\" aria-controls=\"content-a00846be\" data-accordion=\"accordion-trigger\">Do I need to be of legal age to be offered student housing?<span class=\"accordion-item__icon\" aria-hidden=\"true\"><span class=\"accordion-icon__inner\"><\/span><\/span><\/button><\/h3>\n\n\n\n<div class=\"accordion-item__content\" id=\"content-a00846be\" role=\"region\" aria-labelledby=\"trigger-a00846be\" data-accordion=\"accordion-content\" hidden><div class=\"accordion-content__inner\">\n<p>Yes, you do. You must be 18 years old to submit an expression of interest and be offered a student apartment. However, to join the SBS housing queue in Malm\u00f6, you only need to be 13 years old.  <br\/><\/p>\n<\/div><\/div>\n<\/div>\n<\/div><\/section>\n<\/div>\n<\/div><\/section>\n","protected":false},"excerpt":{"rendered":"","protected":false},"author":1,"featured_media":21139,"parent":21296,"menu_order":0,"comment_status":"closed","ping_status":"closed","template":"subpage","meta":{"_acf_changed":false,"footnotes":""},"class_list":["post-21138","page","type-page","status-publish","has-post-thumbnail","hentry"],"acf":[],"_links":{"self":[{"href":"https:\/\/sbsstudent.se\/en\/wp-json\/wp\/v2\/pages\/21138","targetHints":{"allow":["GET"]}}],"collection":[{"href":"https:\/\/sbsstudent.se\/en\/wp-json\/wp\/v2\/pages"}],"about":[{"href":"https:\/\/sbsstudent.se\/en\/wp-json\/wp\/v2\/types\/page"}],"author":[{"embeddable":true,"href":"https:\/\/sbsstudent.se\/en\/wp-json\/wp\/v2\/users\/1"}],"replies":[{"embeddable":true,"href":"https:\/\/sbsstudent.se\/en\/wp-json\/wp\/v2\/comments?post=21138"}],"version-history":[{"count":2,"href":"https:\/\/sbsstudent.se\/en\/wp-json\/wp\/v2\/pages\/21138\/revisions"}],"predecessor-version":[{"id":21281,"href":"https:\/\/sbsstudent.se\/en\/wp-json\/wp\/v2\/pages\/21138\/revisions\/21281"}],"up":[{"embeddable":true,"href":"https:\/\/sbsstudent.se\/en\/wp-json\/wp\/v2\/pages\/21296"}],"wp:featuredmedia":[{"embeddable":true,"href":"https:\/\/sbsstudent.se\/en\/wp-json\/wp\/v2\/media\/21139"}],"wp:attachment":[{"href":"https:\/\/sbsstudent.se\/en\/wp-json\/wp\/v2\/media?parent=21138"}],"curies":[{"name":"wp","href":"https:\/\/api.w.org\/{rel}","templated":true}]}}