{"id":21137,"date":"2025-10-14T15:47:22","date_gmt":"2025-10-14T13:47:22","guid":{"rendered":"https:\/\/sbsstudent.se\/housing-queue-jonkoping\/"},"modified":"2025-12-08T09:02:39","modified_gmt":"2025-12-08T08:02:39","slug":"housing-queue-jonkoping","status":"publish","type":"page","link":"https:\/\/sbsstudent.se\/en\/housing-queue\/housing-queue-jonkoping\/","title":{"rendered":"Housing queue J\u00f6nk\u00f6ping"},"content":{"rendered":"\n<section class=\"qt-section container-m\"><div class=\"qt-section__inner grid grid-col-1\">\n<div class=\"qt-container\"><figure style=\"aspect-ratio:4\/3;\" class=\"wp-block-post-featured-image\"><img loading=\"lazy\" decoding=\"async\" width=\"1200\" height=\"800\" src=\"https:\/\/sbsstudent.se\/wp-content\/uploads\/2025\/10\/city-jonkoping-1200x800.webp\" class=\"attachment-medium size-medium wp-post-image\" alt=\"\" style=\"width:100%;height:100%;object-fit:cover;\" srcset=\"https:\/\/sbsstudent.se\/wp-content\/uploads\/2025\/10\/city-jonkoping-1200x800.webp 1200w, https:\/\/sbsstudent.se\/wp-content\/uploads\/2025\/10\/city-jonkoping-768x512.webp 768w, https:\/\/sbsstudent.se\/wp-content\/uploads\/2025\/10\/city-jonkoping.webp 1400w\" sizes=\"auto, (max-width: 1200px) 100vw, 1200px\" \/><\/figure>\n\n\n<h1 class=\"wp-block-heading\">Housing queue J\u00f6nk\u00f6ping<\/h1>\n\n\n\n<p>J\u00f6nk\u00f6ping is a student city to enjoy, whether you are studying at the internationally oriented J\u00f6nk\u00f6ping University or any other of the city&#8217;s post-secondary educations. Here you are always close to water and nature, which gives great opportunities for those who like outdoor life. With its location right next to V\u00e4ttern, you are offered beautiful views and urban beach life every day when you feel like swimming. J\u00f6nk\u00f6ping also has a rich selection of restaurants, cafes and culture. Do you want to find accommodation during your studies in J\u00f6nk\u00f6ping? Join our housing queue today and increase your chances of finding suitable student accommodation.     <\/p>\n\n\n\n<div class=\"wp-block-buttons is-layout-flex wp-block-buttons-is-layout-flex\">\n<div class=\"wp-block-button\"><a class=\"wp-block-button__link wp-element-button\" href=\"https:\/\/studentbostad.sbsstudent.se\/user-registration\" target=\"_blank\" rel=\"noreferrer noopener\">Register for the Housing Queue<\/a><\/div>\n<\/div>\n\n\n\n<h2 class=\"wp-block-heading\">How does the housing queue in J\u00f6nk\u00f6ping work?<\/h2>\n\n\n\n<p>When you are in the <a href=\"https:\/\/studentbostad.sbsstudent.se\/\">SBS housing queue<\/a>, you collect points every 24 hours from the date you register. The more points you collect, the greater your chance of getting a student apartment in J\u00f6nk\u00f6ping or any of our other cities. When you have found an interesting student apartment, you submit an expression of interest and are then included in a selection of applicants for the current apartment.  <\/p>\n\n\n\n<p>We have one and the same housing queue for all locations. This means that you can move to another location or change accommodation if needed \u2013 easily and flexibly. <\/p>\n\n\n\n<h2 class=\"wp-block-heading\">We respond quickly<\/h2>\n\n\n\n<p>We understand that you want quick answers when looking for accommodation. Our goal is therefore to get back to you within 1\u20133 working days. Sometimes it may take a little longer, especially around the start of the semester when many people are applying at the same time. But we are here and do everything we can to ensure that you get quick and clear answers \u2013 all so that you can focus on your studies.   <\/p>\n\n\n\n<h2 class=\"wp-block-heading\">Registration and tips for getting student accommodation in J\u00f6nk\u00f6ping<\/h2>\n\n\n\n<p>To join our housing queue in J\u00f6nk\u00f6ping, you must first register an account with us. After that, you can start collecting points. You can register from the age of 13 and you do not have to be a student to start collecting points. Register as soon as you can to collect as many points as possible before your studies start. It is both quick and easy to register.    <\/p>\n\n\n\n<p>Once you have been admitted to an education, you create a complete profile on our housing platform. There you upload the necessary information and certificates such as: <\/p>\n\n\n\n<ul class=\"wp-block-list\">\n<li>Contact information<\/li>\n\n\n\n<li>Study certificates and CSN decisions<\/li>\n\n\n\n<li>Consent for background check.<\/li>\n<\/ul>\n\n\n\n<p>Once your profile is complete, you are ready to apply for your new student accommodation!<\/p>\n\n\n\n<h2 class=\"wp-block-heading\">Join the housing queue today!<\/h2>\n\n\n\n<p>Explore SBS Studentbost\u00e4der&#8217;s range in your new student city. Join our housing queue in J\u00f6nk\u00f6ping today and start collecting points. You can register quickly and easily via the button below.  <\/p>\n\n\n\n<div class=\"wp-block-buttons is-layout-flex wp-block-buttons-is-layout-flex\">\n<div class=\"wp-block-button\"><a class=\"wp-block-button__link wp-element-button\" href=\"https:\/\/studentbostad.sbsstudent.se\/user-registration\" target=\"_blank\" rel=\"noreferrer noopener\">Register for the Housing Queue<\/a><\/div>\n<\/div>\n\n\n\n<h2 class=\"wp-block-heading\">Frequently asked questions about the housing queue in J\u00f6nk\u00f6ping<\/h2>\n\n\n\n<p class=\"is-style-default\">Here are some frequently asked questions about the SBS housing queue in J\u00f6nk\u00f6ping. You can also read our <g id=\"gid_0\">application guide<\/g>. There you will find answers to many questions regarding our housing queue.  <\/p>\n\n\n\n<section class=\"qt-accordion container-default is-style-default\"><div class=\"qt-section__inner grid grid-col-1\">\n<div class=\"accordion-item\" data-accordion=\"accordion-item\">\n<h3 class=\"accordion-item__heading wp-block-heading\" data-is-open=\"false\"><button aria-expanded=\"false\" id=\"trigger-da1f10c0\" aria-controls=\"content-da1f10c0\" data-accordion=\"accordion-trigger\">Does it cost anything to be in your housing queue in Gothenburg?<span class=\"accordion-item__icon\" aria-hidden=\"true\"><span class=\"accordion-icon__inner\"><\/span><\/span><\/button><\/h3>\n\n\n\n<div class=\"accordion-item__content\" id=\"content-da1f10c0\" role=\"region\" aria-labelledby=\"trigger-da1f10c0\" data-accordion=\"accordion-content\" hidden><div class=\"accordion-content__inner\">\n<p>No, it&#8217;s completely free!<\/p>\n<\/div><\/div>\n<\/div>\n\n\n\n<div class=\"accordion-item\" data-accordion=\"accordion-item\">\n<h3 class=\"accordion-item__heading wp-block-heading\" data-is-open=\"false\"><button aria-expanded=\"false\" id=\"trigger-e41a096c\" aria-controls=\"content-e41a096c\" data-accordion=\"accordion-trigger\">How many points are needed to get housing?<span class=\"accordion-item__icon\" aria-hidden=\"true\"><span class=\"accordion-icon__inner\"><\/span><\/span><\/button><\/h3>\n\n\n\n<div class=\"accordion-item__content\" id=\"content-e41a096c\" role=\"region\" aria-labelledby=\"trigger-e41a096c\" data-accordion=\"accordion-content\" hidden><div class=\"accordion-content__inner\">\n<p>The number of points required varies depending on the demand for the apartment and location you are interested in. It is therefore always good to collect as many points as possible. Usually, it is the person with the most points who is offered the accommodation.  <\/p>\n<\/div><\/div>\n<\/div>\n\n\n\n<div class=\"accordion-item\" data-accordion=\"accordion-item\">\n<h3 class=\"accordion-item__heading wp-block-heading\" data-is-open=\"false\"><button aria-expanded=\"false\" id=\"trigger-a00846be\" aria-controls=\"content-a00846be\" data-accordion=\"accordion-trigger\">Do I need to be of legal age to be offered student housing?<span class=\"accordion-item__icon\" aria-hidden=\"true\"><span class=\"accordion-icon__inner\"><\/span><\/span><\/button><\/h3>\n\n\n\n<div class=\"accordion-item__content\" id=\"content-a00846be\" role=\"region\" aria-labelledby=\"trigger-a00846be\" data-accordion=\"accordion-content\" hidden><div class=\"accordion-content__inner\">\n<p>Yes, you must be 18 years of age to submit an expression of interest and be offered student accommodation. However, you can join our housing queue in J\u00f6nk\u00f6ping as soon as you turn 13. <\/p>\n<\/div><\/div>\n<\/div>\n<\/div><\/section>\n<\/div>\n<\/div><\/section>\n","protected":false},"excerpt":{"rendered":"","protected":false},"author":1,"featured_media":21098,"parent":21296,"menu_order":0,"comment_status":"closed","ping_status":"closed","template":"subpage","meta":{"_acf_changed":false,"footnotes":""},"class_list":["post-21137","page","type-page","status-publish","has-post-thumbnail","hentry"],"acf":[],"_links":{"self":[{"href":"https:\/\/sbsstudent.se\/en\/wp-json\/wp\/v2\/pages\/21137","targetHints":{"allow":["GET"]}}],"collection":[{"href":"https:\/\/sbsstudent.se\/en\/wp-json\/wp\/v2\/pages"}],"about":[{"href":"https:\/\/sbsstudent.se\/en\/wp-json\/wp\/v2\/types\/page"}],"author":[{"embeddable":true,"href":"https:\/\/sbsstudent.se\/en\/wp-json\/wp\/v2\/users\/1"}],"replies":[{"embeddable":true,"href":"https:\/\/sbsstudent.se\/en\/wp-json\/wp\/v2\/comments?post=21137"}],"version-history":[{"count":1,"href":"https:\/\/sbsstudent.se\/en\/wp-json\/wp\/v2\/pages\/21137\/revisions"}],"predecessor-version":[{"id":21140,"href":"https:\/\/sbsstudent.se\/en\/wp-json\/wp\/v2\/pages\/21137\/revisions\/21140"}],"up":[{"embeddable":true,"href":"https:\/\/sbsstudent.se\/en\/wp-json\/wp\/v2\/pages\/21296"}],"wp:featuredmedia":[{"embeddable":true,"href":"https:\/\/sbsstudent.se\/en\/wp-json\/wp\/v2\/media\/21098"}],"wp:attachment":[{"href":"https:\/\/sbsstudent.se\/en\/wp-json\/wp\/v2\/media?parent=21137"}],"curies":[{"name":"wp","href":"https:\/\/api.w.org\/{rel}","templated":true}]}}