{"id":21109,"date":"2025-10-14T11:05:11","date_gmt":"2025-10-14T09:05:11","guid":{"rendered":"https:\/\/sbsstudent.se\/about-us\/"},"modified":"2025-12-08T09:01:53","modified_gmt":"2025-12-08T08:01:53","slug":"about-us","status":"publish","type":"page","link":"https:\/\/sbsstudent.se\/en\/about-us\/","title":{"rendered":"About Us"},"content":{"rendered":"\n<section class=\"qt-section container-default has-background has-accent-2-background-color\" style=\"background-color:#91B0DB\"><div class=\"qt-section__inner grid grid-col-2\">\n<div class=\"qt-container is-vertically-aligned-center is-style-text-column\">\n<p class=\"is-style-eyebrow\">About Us<\/p>\n\n\n\n<h1 class=\"wp-block-heading\">For students and entire communities<\/h1>\n\n\n\n<p class=\"has-m-font-size\">SBS owns, manages and develops student housing in long-term partnerships with municipalities, regions and universities. We offer affordable, high-quality accommodations and fully digitalized rental management. <\/p>\n\n\n\n<div class=\"wp-block-buttons is-layout-flex wp-block-buttons-is-layout-flex\">\n<div class=\"wp-block-button is-style-button-secondary\"><a class=\"wp-block-button__link wp-element-button\" href=\"https:\/\/sbsstudent.se\/en\/contact\/\">Contact Us<\/a><\/div>\n<\/div>\n<\/div>\n\n\n\n<div class=\"qt-container is-style-image-column\">\n<figure class=\"wp-block-image size-full\"><img loading=\"lazy\" decoding=\"async\" width=\"1200\" height=\"1200\" src=\"https:\/\/sbsstudent.se\/wp-content\/uploads\/2025\/12\/bok-pa-stenbank.webp\" alt=\"\" class=\"wp-image-20369\" style=\"aspect-ratio:1;object-fit:cover\" srcset=\"https:\/\/sbsstudent.se\/wp-content\/uploads\/2025\/12\/bok-pa-stenbank.webp 1200w, https:\/\/sbsstudent.se\/wp-content\/uploads\/2025\/12\/bok-pa-stenbank-600x600.webp 600w, https:\/\/sbsstudent.se\/wp-content\/uploads\/2025\/12\/bok-pa-stenbank-768x768.webp 768w\" sizes=\"auto, (max-width: 1200px) 100vw, 1200px\" \/><\/figure>\n<\/div>\n<\/div><\/section>\n\n<section class=\"qt-section container-default\"><div class=\"qt-section__inner grid grid-col-2\">\n<div class=\"qt-container is-style-image-column\">\n<figure class=\"wp-block-image size-full\"><img loading=\"lazy\" decoding=\"async\" width=\"1200\" height=\"1200\" src=\"https:\/\/sbsstudent.se\/wp-content\/uploads\/2025\/12\/parkhang.webp\" alt=\"\" class=\"wp-image-20370\" style=\"aspect-ratio:1;object-fit:cover\" srcset=\"https:\/\/sbsstudent.se\/wp-content\/uploads\/2025\/12\/parkhang.webp 1200w, https:\/\/sbsstudent.se\/wp-content\/uploads\/2025\/12\/parkhang-600x600.webp 600w, https:\/\/sbsstudent.se\/wp-content\/uploads\/2025\/12\/parkhang-768x768.webp 768w\" sizes=\"auto, (max-width: 1200px) 100vw, 1200px\" \/><\/figure>\n<\/div>\n\n\n\n<div class=\"qt-container is-vertically-aligned-center is-style-text-column\">\n<p class=\"is-style-eyebrow\">Available Apartments<\/p>\n\n\n\n<h2 class=\"wp-block-heading\">Student housing across the Nordic region<\/h2>\n\n\n\n<p>With housing across the Nordic region, SBS offers many options for students to choose from. Our ambition is to become the leading student housing company in the Nordic region and the obvious choice for students on their way to their dream career. <\/p>\n\n\n\n<div class=\"wp-block-buttons is-layout-flex wp-block-buttons-is-layout-flex\">\n<div class=\"wp-block-button is-style-fill\"><a class=\"wp-block-button__link wp-element-button\" href=\"https:\/\/sbsstudent.se\/en\/available-accommodations\/\">View available apartments<\/a><\/div>\n<\/div>\n<\/div>\n<\/div><\/section>\n\n<section class=\"qt-section container-default\"><div class=\"qt-section__inner grid grid-col-1\">\n<div class=\"qt-container\">\n<figure class=\"wp-block-embed is-type-video is-provider-vimeo wp-block-embed-vimeo wp-embed-aspect-16-9 wp-has-aspect-ratio\"><div class=\"wp-block-embed__wrapper\">\n<iframe loading=\"lazy\" title=\"Om oss\" src=\"https:\/\/player.vimeo.com\/video\/653708758?dnt=1&amp;app_id=122963\" width=\"500\" height=\"281\" frameborder=\"0\" allow=\"autoplay; fullscreen; picture-in-picture; clipboard-write; encrypted-media; web-share\" referrerpolicy=\"strict-origin-when-cross-origin\"><\/iframe>\n<\/div><\/figure>\n<\/div>\n<\/div><\/section>\n\n<section class=\"qt-section container-default has-background has-accent-1-background-color\" style=\"background-color:#D2C3E1\"><div class=\"qt-section__inner grid grid-col-2\">\n<div class=\"qt-container is-vertically-aligned-center is-style-text-column\">\n<p class=\"is-style-eyebrow\">Student Life 2.0<\/p>\n\n\n\n<h2 class=\"wp-block-heading\">We serve you Student Life 2.0<\/h2>\n\n\n\n<p>Here you get more than just accommodation. We give you security, simplicity and a daily life that actually works &#8211; so you can focus on studies, friends and all the fun things that student life involves. <\/p>\n\n\n\n<div class=\"wp-block-buttons is-layout-flex wp-block-buttons-is-layout-flex\">\n<div class=\"wp-block-button is-style-button-secondary\"><a class=\"wp-block-button__link wp-element-button\" href=\"https:\/\/sbsstudent.se\/en\/student-life-2-0\/\">Discover Student Life 2.0<\/a><\/div>\n<\/div>\n<\/div>\n\n\n\n<div class=\"qt-container is-style-image-column\">\n<figure class=\"wp-block-image size-full\"><img loading=\"lazy\" decoding=\"async\" width=\"1200\" height=\"1200\" src=\"https:\/\/sbsstudent.se\/wp-content\/uploads\/2025\/12\/fisheye.webp\" alt=\"\" class=\"wp-image-20374\" style=\"aspect-ratio:1;object-fit:cover\" srcset=\"https:\/\/sbsstudent.se\/wp-content\/uploads\/2025\/12\/fisheye.webp 1200w, https:\/\/sbsstudent.se\/wp-content\/uploads\/2025\/12\/fisheye-600x600.webp 600w, https:\/\/sbsstudent.se\/wp-content\/uploads\/2025\/12\/fisheye-768x768.webp 768w\" sizes=\"auto, (max-width: 1200px) 100vw, 1200px\" \/><\/figure>\n<\/div>\n<\/div><\/section>\n\n<section class=\"qt-section container-default has-background has-brand-primary-background-color\" style=\"background-color:#133527\"><div class=\"qt-section__inner grid grid-col-1\">\n<div class=\"qt-container\">\n<h2 class=\"wp-block-heading\">Management<\/h2>\n<\/div>\n\n\n\n<div class=\"qt-container\">\n<div class=\"employees grid grid-col-4\">\n\t\n<div class=\"card card--employee\">\n\t<div class=\"card__media\">\n\t\t<figure class=\"card__image wp-block-image\">\n\t\t<img loading=\"lazy\" decoding=\"async\" width=\"525\" height=\"700\" src=\"https:\/\/sbsstudent.se\/wp-content\/uploads\/2025\/11\/rebecka-eidenert.webp\" class=\"card__image-img\" alt=\"Portr\u00e4tt av Rebecka Eidenert\" \/>\t\t<\/figure>\n\t<\/div>\n\n\t<div class=\"card__content\">\n\t\t\t\t\t<h3 class=\"card__name\">Rebecka Eidenert<\/h3>\n\t\t\n\t\t\t\t\t<p class=\"card__position\">CEO<\/p>\n\t\t\n\t\t\n\t\t\t\t\t<div class=\"wp-block-buttons\">\n\t\t\t\t<div class=\"wp-block-button is-style-button-text-inverted\">\n\t\t\t\t\t<a href=\"mailto:rebecka.eidenert@sbsstudent.se\" \n\t\t\t\t\t\tclass=\"wp-block-button__link\" \n\t\t\t\t\t\taria-label=\"Skicka e-post till Rebecka Eidenert\">\n\t\t\t\t\t\tEmail\t\t\t\t\t<\/a>\n\t\t\t\t<\/div>\n\t\t\t<\/div>\n\t\t\t<\/div>\n<\/div>\n\n<div class=\"card card--employee\">\n\t<div class=\"card__media\">\n\t\t<figure class=\"card__image wp-block-image\">\n\t\t<img loading=\"lazy\" decoding=\"async\" width=\"525\" height=\"700\" src=\"https:\/\/sbsstudent.se\/wp-content\/uploads\/2025\/11\/sebastian-schonstrom.webp\" class=\"card__image-img\" alt=\"Portr\u00e4tt av Sebastian Sch\u00f6nstr\u00f6m\" \/>\t\t<\/figure>\n\t<\/div>\n\n\t<div class=\"card__content\">\n\t\t\t\t\t<h3 class=\"card__name\">Sebastian Sch\u00f6nstr\u00f6m<\/h3>\n\t\t\n\t\t\t\t\t<p class=\"card__position\">Deputy CEO, Head of Finance and Transactions<\/p>\n\t\t\n\t\t\n\t\t\t\t\t<div class=\"wp-block-buttons\">\n\t\t\t\t<div class=\"wp-block-button is-style-button-text-inverted\">\n\t\t\t\t\t<a href=\"mailto:sebastian.schonstrom@sbsstudent.se\" \n\t\t\t\t\t\tclass=\"wp-block-button__link\" \n\t\t\t\t\t\taria-label=\"Skicka e-post till Sebastian Sch\u00f6nstr\u00f6m\">\n\t\t\t\t\t\tEmail\t\t\t\t\t<\/a>\n\t\t\t\t<\/div>\n\t\t\t<\/div>\n\t\t\t<\/div>\n<\/div>\n\n<div class=\"card card--employee\">\n\t<div class=\"card__media\">\n\t\t<figure class=\"card__image wp-block-image\">\n\t\t<img loading=\"lazy\" decoding=\"async\" width=\"525\" height=\"700\" src=\"https:\/\/sbsstudent.se\/wp-content\/uploads\/2025\/11\/david-svensson.webp\" class=\"card__image-img\" alt=\"Portr\u00e4tt av David Svensson\" \/>\t\t<\/figure>\n\t<\/div>\n\n\t<div class=\"card__content\">\n\t\t\t\t\t<h3 class=\"card__name\">David Svensson<\/h3>\n\t\t\n\t\t\t\t\t<p class=\"card__position\">CFO<\/p>\n\t\t\n\t\t\n\t\t\t\t\t<div class=\"wp-block-buttons\">\n\t\t\t\t<div class=\"wp-block-button is-style-button-text-inverted\">\n\t\t\t\t\t<a href=\"mailto:david.svensson@sbsstudent.se\" \n\t\t\t\t\t\tclass=\"wp-block-button__link\" \n\t\t\t\t\t\taria-label=\"Skicka e-post till David Svensson\">\n\t\t\t\t\t\tEmail\t\t\t\t\t<\/a>\n\t\t\t\t<\/div>\n\t\t\t<\/div>\n\t\t\t<\/div>\n<\/div>\n\n<div class=\"card card--employee\">\n\t<div class=\"card__media\">\n\t\t<figure class=\"card__image wp-block-image\">\n\t\t<img loading=\"lazy\" decoding=\"async\" width=\"525\" height=\"700\" src=\"https:\/\/sbsstudent.se\/wp-content\/uploads\/2025\/11\/camilla-thunmarker.webp\" class=\"card__image-img\" alt=\"Portr\u00e4tt av Camilla Thunmarker\" \/>\t\t<\/figure>\n\t<\/div>\n\n\t<div class=\"card__content\">\n\t\t\t\t\t<h3 class=\"card__name\">Camilla Thunmarker<\/h3>\n\t\t\n\t\t\t\t\t<p class=\"card__position\">Project Manager<\/p>\n\t\t\n\t\t\n\t\t\t\t\t<div class=\"wp-block-buttons\">\n\t\t\t\t<div class=\"wp-block-button is-style-button-text-inverted\">\n\t\t\t\t\t<a href=\"mailto:camilla.thunmarker@sbsstudent.se\" \n\t\t\t\t\t\tclass=\"wp-block-button__link\" \n\t\t\t\t\t\taria-label=\"Skicka e-post till Camilla Thunmarker\">\n\t\t\t\t\t\tEmail\t\t\t\t\t<\/a>\n\t\t\t\t<\/div>\n\t\t\t<\/div>\n\t\t\t<\/div>\n<\/div>\n\n<div class=\"card card--employee\">\n\t<div class=\"card__media\">\n\t\t<figure class=\"card__image wp-block-image\">\n\t\t<img loading=\"lazy\" decoding=\"async\" width=\"525\" height=\"700\" src=\"https:\/\/sbsstudent.se\/wp-content\/uploads\/2025\/11\/samira-mchaiter.webp\" class=\"card__image-img\" alt=\"Portr\u00e4tt av Samira Mchaiter\" \/>\t\t<\/figure>\n\t<\/div>\n\n\t<div class=\"card__content\">\n\t\t\t\t\t<h3 class=\"card__name\">Samira Mchaiter<\/h3>\n\t\t\n\t\t\t\t\t<p class=\"card__position\">Property Manager<\/p>\n\t\t\n\t\t\n\t\t\t\t\t<div class=\"wp-block-buttons\">\n\t\t\t\t<div class=\"wp-block-button is-style-button-text-inverted\">\n\t\t\t\t\t<a href=\"mailto:samira.mchaiter@sbsstudent.se\" \n\t\t\t\t\t\tclass=\"wp-block-button__link\" \n\t\t\t\t\t\taria-label=\"Skicka e-post till Samira Mchaiter\">\n\t\t\t\t\t\tEmail\t\t\t\t\t<\/a>\n\t\t\t\t<\/div>\n\t\t\t<\/div>\n\t\t\t<\/div>\n<\/div>\n\n<div class=\"card card--employee\">\n\t<div class=\"card__media\">\n\t\t<figure class=\"card__image wp-block-image\">\n\t\t<img loading=\"lazy\" decoding=\"async\" width=\"525\" height=\"700\" src=\"https:\/\/sbsstudent.se\/wp-content\/uploads\/2025\/11\/victoria-lenander.webp\" class=\"card__image-img\" alt=\"Portr\u00e4tt av Victoria Lenander\" \/>\t\t<\/figure>\n\t<\/div>\n\n\t<div class=\"card__content\">\n\t\t\t\t\t<h3 class=\"card__name\">Victoria Lenander<\/h3>\n\t\t\n\t\t\t\t\t<p class=\"card__position\">Sales and Marketing Manager<\/p>\n\t\t\n\t\t\n\t\t\t\t\t<div class=\"wp-block-buttons\">\n\t\t\t\t<div class=\"wp-block-button is-style-button-text-inverted\">\n\t\t\t\t\t<a href=\"mailto:victoria.lenander@sbsstudent.se\" \n\t\t\t\t\t\tclass=\"wp-block-button__link\" \n\t\t\t\t\t\taria-label=\"Skicka e-post till Victoria Lenander\">\n\t\t\t\t\t\tEmail\t\t\t\t\t<\/a>\n\t\t\t\t<\/div>\n\t\t\t<\/div>\n\t\t\t<\/div>\n<\/div>\n<\/div>\n<\/div>\n<\/div><\/section>\n","protected":false},"excerpt":{"rendered":"","protected":false},"author":1,"featured_media":0,"parent":0,"menu_order":0,"comment_status":"closed","ping_status":"closed","template":"","meta":{"_acf_changed":false,"footnotes":""},"class_list":["post-21109","page","type-page","status-publish","hentry"],"acf":[],"_links":{"self":[{"href":"https:\/\/sbsstudent.se\/en\/wp-json\/wp\/v2\/pages\/21109","targetHints":{"allow":["GET"]}}],"collection":[{"href":"https:\/\/sbsstudent.se\/en\/wp-json\/wp\/v2\/pages"}],"about":[{"href":"https:\/\/sbsstudent.se\/en\/wp-json\/wp\/v2\/types\/page"}],"author":[{"embeddable":true,"href":"https:\/\/sbsstudent.se\/en\/wp-json\/wp\/v2\/users\/1"}],"replies":[{"embeddable":true,"href":"https:\/\/sbsstudent.se\/en\/wp-json\/wp\/v2\/comments?post=21109"}],"version-history":[{"count":3,"href":"https:\/\/sbsstudent.se\/en\/wp-json\/wp\/v2\/pages\/21109\/revisions"}],"predecessor-version":[{"id":21218,"href":"https:\/\/sbsstudent.se\/en\/wp-json\/wp\/v2\/pages\/21109\/revisions\/21218"}],"wp:attachment":[{"href":"https:\/\/sbsstudent.se\/en\/wp-json\/wp\/v2\/media?parent=21109"}],"curies":[{"name":"wp","href":"https:\/\/api.w.org\/{rel}","templated":true}]}}